{"id":120,"date":"2024-10-22T12:38:48","date_gmt":"2024-10-22T10:38:48","guid":{"rendered":"https:\/\/asetaga.web.oondeo.es\/?page_id=120"},"modified":"2024-11-13T10:55:15","modified_gmt":"2024-11-13T09:55:15","slug":"servicios","status":"publish","type":"page","link":"https:\/\/asetaga.com\/en\/servicios\/","title":{"rendered":"Services"},"content":{"rendered":"<div data-elementor-type=\"wp-page\" data-elementor-id=\"120\" class=\"elementor elementor-120\" data-elementor-post-type=\"page\">\n\t\t\t\t<div class=\"elementor-element elementor-element-3e12789 e-con-full e-flex e-con e-parent\" data-id=\"3e12789\" data-element_type=\"container\">\n\t\t<div data-dce-background-image-url=\"http:\/\/asetaga.web.oondeo.es\/wp-content\/uploads\/2024\/10\/brotes-hojas.jpg\" class=\"elementor-element elementor-element-797c97e e-con-full e-flex e-con e-child\" data-id=\"797c97e\" data-element_type=\"container\" data-settings=\"{&quot;background_background&quot;:&quot;classic&quot;}\">\n\t\t\t\t<div class=\"elementor-element elementor-element-702f837 elementor-widget elementor-widget-heading\" data-id=\"702f837\" data-element_type=\"widget\" data-widget_type=\"heading.default\">\n\t\t\t\t<div class=\"elementor-widget-container\">\n\t\t\t\t\t<h1 class=\"elementor-heading-title elementor-size-default\">Services<\/h1>\t\t\t\t<\/div>\n\t\t\t\t<\/div>\n\t\t\t\t<div class=\"elementor-element elementor-element-f49303a elementor-widget elementor-widget-heading\" data-id=\"f49303a\" data-element_type=\"widget\" data-widget_type=\"heading.default\">\n\t\t\t\t<div class=\"elementor-widget-container\">\n\t\t\t\t\t<p class=\"elementor-heading-title elementor-size-default\">Customised solutions for every challenge<\/p>\t\t\t\t<\/div>\n\t\t\t\t<\/div>\n\t\t\t\t<\/div>\n\t\t\t\t<\/div>\n\t\t<div class=\"elementor-element elementor-element-3c679c7 e-flex e-con-boxed e-con e-parent\" data-id=\"3c679c7\" data-element_type=\"container\">\n\t\t\t\t\t<div class=\"e-con-inner\">\n\t\t\t\t<div class=\"elementor-element elementor-element-cdc8e25 elementor-widget elementor-widget-heading\" data-id=\"cdc8e25\" data-element_type=\"widget\" data-widget_type=\"heading.default\">\n\t\t\t\t<div class=\"elementor-widget-container\">\n\t\t\t\t\t<h2 class=\"elementor-heading-title elementor-size-default\">Find out how our quality services can boost your projects<\/h2>\t\t\t\t<\/div>\n\t\t\t\t<\/div>\n\t\t\t\t<div class=\"elementor-element elementor-element-aa552ff logo-quienes-somos dce_masking-none elementor-invisible elementor-widget elementor-widget-image\" data-id=\"aa552ff\" data-element_type=\"widget\" data-settings=\"{&quot;_animation&quot;:&quot;fadeIn&quot;}\" data-widget_type=\"image.default\">\n\t\t\t\t<div class=\"elementor-widget-container\">\n\t\t\t\t\t\t\t\t\t\t\t\t\t\t\t<img decoding=\"async\" width=\"150\" height=\"150\" src=\"https:\/\/asetaga.com\/wp-content\/uploads\/2024\/11\/Asetaca-icono-logo-150x150.png\" class=\"attachment-thumbnail size-thumbnail wp-image-1993\" alt=\"\" srcset=\"https:\/\/asetaga.com\/wp-content\/uploads\/2024\/11\/Asetaca-icono-logo-150x150.png 150w, https:\/\/asetaga.com\/wp-content\/uploads\/2024\/11\/Asetaca-icono-logo-300x300.png 300w, https:\/\/asetaga.com\/wp-content\/uploads\/2024\/11\/Asetaca-icono-logo-768x768.png 768w, https:\/\/asetaga.com\/wp-content\/uploads\/2024\/11\/Asetaca-icono-logo-12x12.png 12w, https:\/\/asetaga.com\/wp-content\/uploads\/2024\/11\/Asetaca-icono-logo.png 873w\" sizes=\"(max-width: 150px) 100vw, 150px\" \/>\t\t\t\t\t\t\t\t\t\t\t\t\t\t\t<\/div>\n\t\t\t\t<\/div>\n\t\t\t\t\t<\/div>\n\t\t\t\t<\/div>\n\t\t<div data-dce-background-color=\"#F4F0EC\" class=\"elementor-element elementor-element-69c9d04 e-flex e-con-boxed e-con e-parent\" data-id=\"69c9d04\" data-element_type=\"container\" data-settings=\"{&quot;background_background&quot;:&quot;classic&quot;}\">\n\t\t\t\t\t<div class=\"e-con-inner\">\n\t\t<div class=\"elementor-element elementor-element-98c184d e-con-full e-flex e-con e-child\" data-id=\"98c184d\" data-element_type=\"container\">\n\t\t\t\t<div class=\"elementor-element elementor-element-d767e3f icono-filosofia dce_masking-none elementor-widget elementor-widget-image\" data-id=\"d767e3f\" data-element_type=\"widget\" data-widget_type=\"image.default\">\n\t\t\t\t<div class=\"elementor-widget-container\">\n\t\t\t\t\t\t\t\t\t\t\t\t\t\t\t<img decoding=\"async\" src=\"https:\/\/asetaga.com\/wp-content\/uploads\/elementor\/thumbs\/consultoria-qwbie848j7xfli6bqni4z5z63c2ve820xbehmsx6ug.png\" title=\"consultor\u00eda\" alt=\"consultor\u00eda\" loading=\"lazy\" \/>\t\t\t\t\t\t\t\t\t\t\t\t\t\t\t<\/div>\n\t\t\t\t<\/div>\n\t\t\t\t<div class=\"elementor-element elementor-element-a45315d elementor-widget elementor-widget-heading\" data-id=\"a45315d\" data-element_type=\"widget\" data-widget_type=\"heading.default\">\n\t\t\t\t<div class=\"elementor-widget-container\">\n\t\t\t\t\t<h2 class=\"elementor-heading-title elementor-size-default\">Consulting and Innovation<\/h2>\t\t\t\t<\/div>\n\t\t\t\t<\/div>\n\t\t\t\t<\/div>\n\t\t<div class=\"elementor-element elementor-element-0b3dc6d e-con-full e-flex e-con e-child\" data-id=\"0b3dc6d\" data-element_type=\"container\">\n\t\t\t\t<div class=\"elementor-element elementor-element-d985c17 dce_masking-none elementor-invisible elementor-widget elementor-widget-image\" data-id=\"d985c17\" data-element_type=\"widget\" data-settings=\"{&quot;_animation&quot;:&quot;fadeInUp&quot;}\" data-widget_type=\"image.default\">\n\t\t\t\t<div class=\"elementor-widget-container\">\n\t\t\t\t\t\t\t\t\t\t\t\t\t\t\t<img fetchpriority=\"high\" decoding=\"async\" width=\"800\" height=\"534\" src=\"https:\/\/asetaga.com\/wp-content\/uploads\/2024\/10\/esquejes.jpg\" class=\"attachment-large size-large wp-image-1105\" alt=\"\" srcset=\"https:\/\/asetaga.com\/wp-content\/uploads\/2024\/10\/esquejes.jpg 1000w, https:\/\/asetaga.com\/wp-content\/uploads\/2024\/10\/esquejes-300x200.jpg 300w, https:\/\/asetaga.com\/wp-content\/uploads\/2024\/10\/esquejes-768x512.jpg 768w\" sizes=\"(max-width: 800px) 100vw, 800px\" \/>\t\t\t\t\t\t\t\t\t\t\t\t\t\t\t<\/div>\n\t\t\t\t<\/div>\n\t\t\t\t<\/div>\n\t\t<div class=\"elementor-element elementor-element-27d975e e-con-full e-flex e-con e-child\" data-id=\"27d975e\" data-element_type=\"container\">\n\t\t\t\t<div class=\"elementor-element elementor-element-0ac122f primera-letra elementor-widget elementor-widget-text-editor\" data-id=\"0ac122f\" data-element_type=\"widget\" data-widget_type=\"text-editor.default\">\n\t\t\t\t<div class=\"elementor-widget-container\">\n\t\t\t\t\t\t\t\t\t<p>We help companies explore new growth opportunities and consolidate their position at the forefront of their industry.<\/p><p>We specialise in identifying areas for improvement, designing customised strategies and delivering innovative solutions that maximise our clients' potential.<\/p>\t\t\t\t\t\t\t\t<\/div>\n\t\t\t\t<\/div>\n\t\t\t\t<\/div>\n\t\t<div class=\"elementor-element elementor-element-7763cfd e-con-full e-flex e-con e-child\" data-id=\"7763cfd\" data-element_type=\"container\">\n\t\t\t\t<div class=\"elementor-element elementor-element-64107a0 primera-letra elementor-widget elementor-widget-text-editor\" data-id=\"64107a0\" data-element_type=\"widget\" data-widget_type=\"text-editor.default\">\n\t\t\t\t<div class=\"elementor-widget-container\">\n\t\t\t\t\t\t\t\t\t<p>We work closely with our clients to understand their needs and long-term goals to create effective action plans.<\/p><p>Our team of innovation experts has extensive experience in various industries, which allows us to offer customised solutions and adaptations to the specific needs of each client.<\/p>\t\t\t\t\t\t\t\t<\/div>\n\t\t\t\t<\/div>\n\t\t\t\t<\/div>\n\t\t<div class=\"elementor-element elementor-element-77a14c4 e-con-full e-flex e-con e-child\" data-id=\"77a14c4\" data-element_type=\"container\">\n\t\t\t\t<div class=\"elementor-element elementor-element-3034e40 dce_masking-none elementor-invisible elementor-widget elementor-widget-image\" data-id=\"3034e40\" data-element_type=\"widget\" data-settings=\"{&quot;_animation&quot;:&quot;fadeInUp&quot;}\" data-widget_type=\"image.default\">\n\t\t\t\t<div class=\"elementor-widget-container\">\n\t\t\t\t\t\t\t\t\t\t\t\t\t\t\t<img decoding=\"async\" width=\"800\" height=\"534\" src=\"https:\/\/asetaga.com\/wp-content\/uploads\/2024\/10\/laboratorio-1.jpg\" class=\"attachment-large size-large wp-image-1025\" alt=\"\" srcset=\"https:\/\/asetaga.com\/wp-content\/uploads\/2024\/10\/laboratorio-1.jpg 1000w, https:\/\/asetaga.com\/wp-content\/uploads\/2024\/10\/laboratorio-1-300x200.jpg 300w, https:\/\/asetaga.com\/wp-content\/uploads\/2024\/10\/laboratorio-1-768x512.jpg 768w\" sizes=\"(max-width: 800px) 100vw, 800px\" \/>\t\t\t\t\t\t\t\t\t\t\t\t\t\t\t<\/div>\n\t\t\t\t<\/div>\n\t\t\t\t<\/div>\n\t\t<div class=\"elementor-element elementor-element-bbed075 e-con-full e-flex e-con e-child\" data-id=\"bbed075\" data-element_type=\"container\">\n\t\t\t\t<div class=\"elementor-element elementor-element-5e2c52b elementor-widget elementor-widget-text-editor\" data-id=\"5e2c52b\" data-element_type=\"widget\" data-widget_type=\"text-editor.default\">\n\t\t\t\t<div class=\"elementor-widget-container\">\n\t\t\t\t\t\t\t\t\t<p>We highlight:<\/p><ul><li>\u00a0Planning, implementation and execution of new innovative projects.<\/li><li>\u00a0High-value projects for companies in the agri-food sector mainly.<\/li><\/ul>\t\t\t\t\t\t\t\t<\/div>\n\t\t\t\t<\/div>\n\t\t\t\t<\/div>\n\t\t\t\t\t<\/div>\n\t\t\t\t<\/div>\n\t\t<div class=\"elementor-element elementor-element-dd8296b e-flex e-con-boxed e-con e-parent\" data-id=\"dd8296b\" data-element_type=\"container\">\n\t\t\t\t\t<div class=\"e-con-inner\">\n\t\t<div class=\"elementor-element elementor-element-37b9275 e-con-full e-flex e-con e-child\" data-id=\"37b9275\" data-element_type=\"container\">\n\t\t\t\t<div class=\"elementor-element elementor-element-b29b5dc icono-filosofia dce_masking-none elementor-widget elementor-widget-image\" data-id=\"b29b5dc\" data-element_type=\"widget\" data-widget_type=\"image.default\">\n\t\t\t\t<div class=\"elementor-widget-container\">\n\t\t\t\t\t\t\t\t\t\t\t\t\t\t\t<img decoding=\"async\" src=\"https:\/\/asetaga.com\/wp-content\/uploads\/elementor\/thumbs\/rural-qwbjpav8tidf2fslui2hcsb9521nwhy2ebmxwp4d7s.png\" title=\"rural\" alt=\"rural\" loading=\"lazy\" \/>\t\t\t\t\t\t\t\t\t\t\t\t\t\t\t<\/div>\n\t\t\t\t<\/div>\n\t\t\t\t<div class=\"elementor-element elementor-element-e068921 elementor-widget elementor-widget-heading\" data-id=\"e068921\" data-element_type=\"widget\" data-widget_type=\"heading.default\">\n\t\t\t\t<div class=\"elementor-widget-container\">\n\t\t\t\t\t<h2 class=\"elementor-heading-title elementor-size-default\">Rural development and sustainability<\/h2>\t\t\t\t<\/div>\n\t\t\t\t<\/div>\n\t\t\t\t<\/div>\n\t\t<div class=\"elementor-element elementor-element-8ad6ceb e-con-full e-flex e-con e-child\" data-id=\"8ad6ceb\" data-element_type=\"container\">\n\t\t\t\t<div class=\"elementor-element elementor-element-1be4222 elementor-widget elementor-widget-text-editor\" data-id=\"1be4222\" data-element_type=\"widget\" data-widget_type=\"text-editor.default\">\n\t\t\t\t<div class=\"elementor-widget-container\">\n\t\t\t\t\t\t\t\t\t<p>In our team we strongly believe in sustainable rural development as a key tool to improve the quality of life of local communities and preserve the environment.<\/p><p>We offer advisory and consultancy services in sustainable rural development, working closely with local communities, businesses and governmental organisations.<\/p>\t\t\t\t\t\t\t\t<\/div>\n\t\t\t\t<\/div>\n\t\t\t\t<\/div>\n\t\t<div class=\"elementor-element elementor-element-752265f e-con-full e-flex e-con e-child\" data-id=\"752265f\" data-element_type=\"container\">\n\t\t\t\t<div class=\"elementor-element elementor-element-3203f5e dce_masking-none elementor-invisible elementor-widget elementor-widget-image\" data-id=\"3203f5e\" data-element_type=\"widget\" data-settings=\"{&quot;_animation&quot;:&quot;zoomIn&quot;}\" data-widget_type=\"image.default\">\n\t\t\t\t<div class=\"elementor-widget-container\">\n\t\t\t\t\t\t\t\t\t\t\t\t\t\t\t<img decoding=\"async\" src=\"https:\/\/asetaga.com\/wp-content\/uploads\/elementor\/thumbs\/desarrollo-rural-qw7x74471srg2cx80sw4z43ea16a6woayiacqoeilc.jpg\" title=\"desarrollo-rural\" alt=\"desarrollo-rural\" loading=\"lazy\" \/>\t\t\t\t\t\t\t\t\t\t\t\t\t\t\t<\/div>\n\t\t\t\t<\/div>\n\t\t\t\t<\/div>\n\t\t<div class=\"elementor-element elementor-element-a91f66d e-con-full e-flex e-con e-child\" data-id=\"a91f66d\" data-element_type=\"container\">\n\t\t\t\t<div class=\"elementor-element elementor-element-3c49224 elementor-widget elementor-widget-text-editor\" data-id=\"3c49224\" data-element_type=\"widget\" data-widget_type=\"text-editor.default\">\n\t\t\t\t<div class=\"elementor-widget-container\">\n\t\t\t\t\t\t\t\t\t<p>Our comprehensive approaches include the promotion of sustainable agricultural practices, natural resource management and the implementation of innovative technologies to improve energy efficiency and reduce carbon footprint.<\/p><p>We strive to find creative and viable solutions to address the challenges of sustainable rural development, thereby improving the quality of life of communities and the environment.<\/p>\t\t\t\t\t\t\t\t<\/div>\n\t\t\t\t<\/div>\n\t\t\t\t<\/div>\n\t\t\t\t\t<\/div>\n\t\t\t\t<\/div>\n\t\t<div data-dce-background-overlay-color=\"#FFFFFF\" data-dce-background-image-url=\"http:\/\/asetaga.web.oondeo.es\/wp-content\/uploads\/2024\/10\/laboratorio-2.jpg\" class=\"elementor-element elementor-element-2f336ff e-flex e-con-boxed e-con e-parent\" data-id=\"2f336ff\" data-element_type=\"container\" data-settings=\"{&quot;background_background&quot;:&quot;classic&quot;}\">\n\t\t\t\t\t<div class=\"e-con-inner\">\n\t\t<div class=\"elementor-element elementor-element-6b61340 e-con-full e-flex e-con e-child\" data-id=\"6b61340\" data-element_type=\"container\">\n\t\t\t\t<div class=\"elementor-element elementor-element-9a80806 icono-filosofia dce_masking-none elementor-widget elementor-widget-image\" data-id=\"9a80806\" data-element_type=\"widget\" data-widget_type=\"image.default\">\n\t\t\t\t<div class=\"elementor-widget-container\">\n\t\t\t\t\t\t\t\t\t\t\t\t\t\t\t<img decoding=\"async\" src=\"https:\/\/asetaga.com\/wp-content\/uploads\/elementor\/thumbs\/union-europea-qwbjppwnuuy0876reokigoimn7zjbnlrse2pl4i2g8.png\" title=\"union-europea\" alt=\"union-europea\" loading=\"lazy\" \/>\t\t\t\t\t\t\t\t\t\t\t\t\t\t\t<\/div>\n\t\t\t\t<\/div>\n\t\t\t\t<div class=\"elementor-element elementor-element-c4a47f0 elementor-widget elementor-widget-heading\" data-id=\"c4a47f0\" data-element_type=\"widget\" data-widget_type=\"heading.default\">\n\t\t\t\t<div class=\"elementor-widget-container\">\n\t\t\t\t\t<h2 class=\"elementor-heading-title elementor-size-default\">National and European programmes<\/h2>\t\t\t\t<\/div>\n\t\t\t\t<\/div>\n\t\t\t\t<\/div>\n\t\t<div class=\"elementor-element elementor-element-8691d45 e-con-full e-flex e-con e-child\" data-id=\"8691d45\" data-element_type=\"container\">\n\t\t\t\t<div class=\"elementor-element elementor-element-1659e4a elementor-widget elementor-widget-text-editor\" data-id=\"1659e4a\" data-element_type=\"widget\" data-widget_type=\"text-editor.default\">\n\t\t\t\t<div class=\"elementor-widget-container\">\n\t\t\t\t\t\t\t\t\t<p>The European Union Framework Programmes are funding structures set up by the European Union\/European Commission to support and promote research in the European Area.<\/p>\t\t\t\t\t\t\t\t<\/div>\n\t\t\t\t<\/div>\n\t\t\t\t<\/div>\n\t\t<div class=\"elementor-element elementor-element-fc73358 e-con-full e-flex e-con e-child\" data-id=\"fc73358\" data-element_type=\"container\">\n\t\t\t\t<div class=\"elementor-element elementor-element-ab4dc0e dce_masking-none elementor-widget elementor-widget-image\" data-id=\"ab4dc0e\" data-element_type=\"widget\" data-widget_type=\"image.default\">\n\t\t\t\t<div class=\"elementor-widget-container\">\n\t\t\t\t\t\t\t\t\t\t\t\t\t\t\t<img decoding=\"async\" src=\"https:\/\/asetaga.com\/wp-content\/uploads\/elementor\/thumbs\/Horizon-Europe-qw7yvclv0l7y2rfdac8g9evspya2gmt28nbiw139uo.jpg\" title=\"Horizon Europe\" alt=\"Horizon Europe\" loading=\"lazy\" \/>\t\t\t\t\t\t\t\t\t\t\t\t\t\t\t<\/div>\n\t\t\t\t<\/div>\n\t\t\t\t<\/div>\n\t\t<div class=\"elementor-element elementor-element-8611a60 e-con-full e-flex e-con e-child\" data-id=\"8611a60\" data-element_type=\"container\">\n\t\t\t\t<div class=\"elementor-element elementor-element-56b9290 elementor-widget elementor-widget-text-editor\" data-id=\"56b9290\" data-element_type=\"widget\" data-widget_type=\"text-editor.default\">\n\t\t\t\t<div class=\"elementor-widget-container\">\n\t\t\t\t\t\t\t\t\tHorizon Europe is the European Union's framework programme for research and innovation for the period 2021-2027. \n<br>The overall objective of the programme is to achieve a scientific, technological, economic and societal impact of EU investments in R&amp;D&amp;I. This programme funds research and innovation in different areas of EU knowledge.\t\t\t\t\t\t\t\t<\/div>\n\t\t\t\t<\/div>\n\t\t\t\t<div class=\"elementor-element elementor-element-a492996 elementor-widget elementor-widget-text-editor\" data-id=\"a492996\" data-element_type=\"widget\" data-widget_type=\"text-editor.default\">\n\t\t\t\t<div class=\"elementor-widget-container\">\n\t\t\t\t\t\t\t\t\t<p>Asetaga has also participated from 2014 to 2020 in the previous EU Framework Programme for Research and Innovation called Horizon 2020.<\/p>\t\t\t\t\t\t\t\t<\/div>\n\t\t\t\t<\/div>\n\t\t\t\t<\/div>\n\t\t\t\t\t<\/div>\n\t\t\t\t<\/div>\n\t\t\t\t<\/div>","protected":false},"excerpt":{"rendered":"<p>Servicios Soluciones a medida para cada desaf\u00edo Descubre c\u00f3mo nuestros servicios de calidad pueden impulsar tus proyectos Consultor\u00eda e Innovaci\u00f3n Ayudamos a las empresas a explorar nuevas oportunidades de crecimiento y a consolidar a la vanguardia de su industria. Nos especializamos en identificar \u00e1reas de mejora, dise\u00f1ar estrategias personalizadas y ofrecer soluciones innovadoras que maximicen [&hellip;]<\/p>","protected":false},"author":1,"featured_media":0,"parent":0,"menu_order":0,"comment_status":"closed","ping_status":"closed","template":"","meta":{"_acf_changed":false,"footnotes":""},"class_list":["post-120","page","type-page","status-publish","hentry"],"acf":[],"yoast_head":"<!-- This site is optimized with the Yoast SEO plugin v26.4 - https:\/\/yoast.com\/wordpress\/plugins\/seo\/ -->\n<title>Servicios - Asetaga<\/title>\n<meta name=\"description\" content=\"Ofrecemos servicios especializados que integran innovaci\u00f3n, sostenibilidad y asesoramiento t\u00e9cnico para impulsar el desarrollo.\" \/>\n<meta name=\"robots\" content=\"index, follow, max-snippet:-1, max-image-preview:large, max-video-preview:-1\" \/>\n<link rel=\"canonical\" href=\"https:\/\/asetaga.com\/en\/servicios\/\" \/>\n<meta property=\"og:locale\" content=\"en_US\" \/>\n<meta property=\"og:type\" content=\"article\" \/>\n<meta property=\"og:title\" content=\"Servicios - Asetaga\" \/>\n<meta property=\"og:description\" content=\"Ofrecemos servicios especializados que integran innovaci\u00f3n, sostenibilidad y asesoramiento t\u00e9cnico para impulsar el desarrollo.\" \/>\n<meta property=\"og:url\" content=\"https:\/\/asetaga.com\/en\/servicios\/\" \/>\n<meta property=\"og:site_name\" content=\"Asetaga\" \/>\n<meta property=\"article:publisher\" content=\"https:\/\/www.facebook.com\/profile.php?id=61567276178846\" \/>\n<meta property=\"article:modified_time\" content=\"2024-11-13T09:55:15+00:00\" \/>\n<meta property=\"og:image\" content=\"https:\/\/asetaga.com\/wp-content\/uploads\/2024\/11\/Asetaca-icono-logo.png\" \/>\n\t<meta property=\"og:image:width\" content=\"873\" \/>\n\t<meta property=\"og:image:height\" content=\"873\" \/>\n\t<meta property=\"og:image:type\" content=\"image\/png\" \/>\n<meta name=\"twitter:card\" content=\"summary_large_image\" \/>\n<meta name=\"twitter:label1\" content=\"Est. reading time\" \/>\n\t<meta name=\"twitter:data1\" content=\"4 minutes\" \/>\n<script type=\"application\/ld+json\" class=\"yoast-schema-graph\">{\"@context\":\"https:\/\/schema.org\",\"@graph\":[{\"@type\":\"WebPage\",\"@id\":\"https:\/\/asetaga.com\/servicios\/\",\"url\":\"https:\/\/asetaga.com\/servicios\/\",\"name\":\"Servicios - Asetaga\",\"isPartOf\":{\"@id\":\"https:\/\/asetaga.com\/#website\"},\"primaryImageOfPage\":{\"@id\":\"https:\/\/asetaga.com\/servicios\/#primaryimage\"},\"image\":{\"@id\":\"https:\/\/asetaga.com\/servicios\/#primaryimage\"},\"thumbnailUrl\":\"https:\/\/asetaga.com\/wp-content\/uploads\/2024\/11\/Asetaca-icono-logo-150x150.png\",\"datePublished\":\"2024-10-22T10:38:48+00:00\",\"dateModified\":\"2024-11-13T09:55:15+00:00\",\"description\":\"Ofrecemos servicios especializados que integran innovaci\u00f3n, sostenibilidad y asesoramiento t\u00e9cnico para impulsar el desarrollo.\",\"breadcrumb\":{\"@id\":\"https:\/\/asetaga.com\/servicios\/#breadcrumb\"},\"inLanguage\":\"en-US\",\"potentialAction\":[{\"@type\":\"ReadAction\",\"target\":[\"https:\/\/asetaga.com\/servicios\/\"]}]},{\"@type\":\"ImageObject\",\"inLanguage\":\"en-US\",\"@id\":\"https:\/\/asetaga.com\/servicios\/#primaryimage\",\"url\":\"https:\/\/asetaga.com\/wp-content\/uploads\/2024\/11\/Asetaca-icono-logo-150x150.png\",\"contentUrl\":\"https:\/\/asetaga.com\/wp-content\/uploads\/2024\/11\/Asetaca-icono-logo-150x150.png\"},{\"@type\":\"BreadcrumbList\",\"@id\":\"https:\/\/asetaga.com\/servicios\/#breadcrumb\",\"itemListElement\":[{\"@type\":\"ListItem\",\"position\":1,\"name\":\"Inicio\",\"item\":\"https:\/\/asetaga.com\/\"},{\"@type\":\"ListItem\",\"position\":2,\"name\":\"Servicios\"}]},{\"@type\":\"WebSite\",\"@id\":\"https:\/\/asetaga.com\/#website\",\"url\":\"https:\/\/asetaga.com\/\",\"name\":\"Asetaga\",\"description\":\"Asociaci\u00f3n Espa\u00f1ola para la Transferencia T\u00e9cnica, Tecnol\u00f3gica y Organizativa en la Agricultura y la Ganader\u00eda\",\"publisher\":{\"@id\":\"https:\/\/asetaga.com\/#organization\"},\"alternateName\":\"Asetaga\",\"potentialAction\":[{\"@type\":\"SearchAction\",\"target\":{\"@type\":\"EntryPoint\",\"urlTemplate\":\"https:\/\/asetaga.com\/?s={search_term_string}\"},\"query-input\":{\"@type\":\"PropertyValueSpecification\",\"valueRequired\":true,\"valueName\":\"search_term_string\"}}],\"inLanguage\":\"en-US\"},{\"@type\":\"Organization\",\"@id\":\"https:\/\/asetaga.com\/#organization\",\"name\":\"Asetaga\",\"alternateName\":\"Asetaga\",\"url\":\"https:\/\/asetaga.com\/\",\"logo\":{\"@type\":\"ImageObject\",\"inLanguage\":\"en-US\",\"@id\":\"https:\/\/asetaga.com\/#\/schema\/logo\/image\/\",\"url\":\"https:\/\/asetaga.com\/wp-content\/uploads\/2024\/10\/Asetaga-logo.png\",\"contentUrl\":\"https:\/\/asetaga.com\/wp-content\/uploads\/2024\/10\/Asetaga-logo.png\",\"width\":500,\"height\":104,\"caption\":\"Asetaga\"},\"image\":{\"@id\":\"https:\/\/asetaga.com\/#\/schema\/logo\/image\/\"},\"sameAs\":[\"https:\/\/www.facebook.com\/profile.php?id=61567276178846\",\"https:\/\/www.instagram.com\/asetaga_oficial\/\"]}]}<\/script>\n<!-- \/ Yoast SEO plugin. -->","yoast_head_json":{"title":"Servicios - Asetaga","description":"Ofrecemos servicios especializados que integran innovaci\u00f3n, sostenibilidad y asesoramiento t\u00e9cnico para impulsar el desarrollo.","robots":{"index":"index","follow":"follow","max-snippet":"max-snippet:-1","max-image-preview":"max-image-preview:large","max-video-preview":"max-video-preview:-1"},"canonical":"https:\/\/asetaga.com\/en\/servicios\/","og_locale":"en_US","og_type":"article","og_title":"Servicios - Asetaga","og_description":"Ofrecemos servicios especializados que integran innovaci\u00f3n, sostenibilidad y asesoramiento t\u00e9cnico para impulsar el desarrollo.","og_url":"https:\/\/asetaga.com\/en\/servicios\/","og_site_name":"Asetaga","article_publisher":"https:\/\/www.facebook.com\/profile.php?id=61567276178846","article_modified_time":"2024-11-13T09:55:15+00:00","og_image":[{"width":873,"height":873,"url":"https:\/\/asetaga.com\/wp-content\/uploads\/2024\/11\/Asetaca-icono-logo.png","type":"image\/png"}],"twitter_card":"summary_large_image","twitter_misc":{"Est. reading time":"4 minutes"},"schema":{"@context":"https:\/\/schema.org","@graph":[{"@type":"WebPage","@id":"https:\/\/asetaga.com\/servicios\/","url":"https:\/\/asetaga.com\/servicios\/","name":"Servicios - Asetaga","isPartOf":{"@id":"https:\/\/asetaga.com\/#website"},"primaryImageOfPage":{"@id":"https:\/\/asetaga.com\/servicios\/#primaryimage"},"image":{"@id":"https:\/\/asetaga.com\/servicios\/#primaryimage"},"thumbnailUrl":"https:\/\/asetaga.com\/wp-content\/uploads\/2024\/11\/Asetaca-icono-logo-150x150.png","datePublished":"2024-10-22T10:38:48+00:00","dateModified":"2024-11-13T09:55:15+00:00","description":"Ofrecemos servicios especializados que integran innovaci\u00f3n, sostenibilidad y asesoramiento t\u00e9cnico para impulsar el desarrollo.","breadcrumb":{"@id":"https:\/\/asetaga.com\/servicios\/#breadcrumb"},"inLanguage":"en-US","potentialAction":[{"@type":"ReadAction","target":["https:\/\/asetaga.com\/servicios\/"]}]},{"@type":"ImageObject","inLanguage":"en-US","@id":"https:\/\/asetaga.com\/servicios\/#primaryimage","url":"https:\/\/asetaga.com\/wp-content\/uploads\/2024\/11\/Asetaca-icono-logo-150x150.png","contentUrl":"https:\/\/asetaga.com\/wp-content\/uploads\/2024\/11\/Asetaca-icono-logo-150x150.png"},{"@type":"BreadcrumbList","@id":"https:\/\/asetaga.com\/servicios\/#breadcrumb","itemListElement":[{"@type":"ListItem","position":1,"name":"Inicio","item":"https:\/\/asetaga.com\/"},{"@type":"ListItem","position":2,"name":"Servicios"}]},{"@type":"WebSite","@id":"https:\/\/asetaga.com\/#website","url":"https:\/\/asetaga.com\/","name":"Asetaga","description":"Asociaci\u00f3n Espa\u00f1ola para la Transferencia T\u00e9cnica, Tecnol\u00f3gica y Organizativa en la Agricultura y la Ganader\u00eda","publisher":{"@id":"https:\/\/asetaga.com\/#organization"},"alternateName":"Asetaga","potentialAction":[{"@type":"SearchAction","target":{"@type":"EntryPoint","urlTemplate":"https:\/\/asetaga.com\/?s={search_term_string}"},"query-input":{"@type":"PropertyValueSpecification","valueRequired":true,"valueName":"search_term_string"}}],"inLanguage":"en-US"},{"@type":"Organization","@id":"https:\/\/asetaga.com\/#organization","name":"Asetaga","alternateName":"Asetaga","url":"https:\/\/asetaga.com\/","logo":{"@type":"ImageObject","inLanguage":"en-US","@id":"https:\/\/asetaga.com\/#\/schema\/logo\/image\/","url":"https:\/\/asetaga.com\/wp-content\/uploads\/2024\/10\/Asetaga-logo.png","contentUrl":"https:\/\/asetaga.com\/wp-content\/uploads\/2024\/10\/Asetaga-logo.png","width":500,"height":104,"caption":"Asetaga"},"image":{"@id":"https:\/\/asetaga.com\/#\/schema\/logo\/image\/"},"sameAs":["https:\/\/www.facebook.com\/profile.php?id=61567276178846","https:\/\/www.instagram.com\/asetaga_oficial\/"]}]}},"_links":{"self":[{"href":"https:\/\/asetaga.com\/en\/wp-json\/wp\/v2\/pages\/120","targetHints":{"allow":["GET"]}}],"collection":[{"href":"https:\/\/asetaga.com\/en\/wp-json\/wp\/v2\/pages"}],"about":[{"href":"https:\/\/asetaga.com\/en\/wp-json\/wp\/v2\/types\/page"}],"author":[{"embeddable":true,"href":"https:\/\/asetaga.com\/en\/wp-json\/wp\/v2\/users\/1"}],"replies":[{"embeddable":true,"href":"https:\/\/asetaga.com\/en\/wp-json\/wp\/v2\/comments?post=120"}],"version-history":[{"count":269,"href":"https:\/\/asetaga.com\/en\/wp-json\/wp\/v2\/pages\/120\/revisions"}],"predecessor-version":[{"id":1996,"href":"https:\/\/asetaga.com\/en\/wp-json\/wp\/v2\/pages\/120\/revisions\/1996"}],"wp:attachment":[{"href":"https:\/\/asetaga.com\/en\/wp-json\/wp\/v2\/media?parent=120"}],"curies":[{"name":"wp","href":"https:\/\/api.w.org\/{rel}","templated":true}]}}