{"id":1632,"date":"2024-10-30T10:05:15","date_gmt":"2024-10-30T09:05:15","guid":{"rendered":"https:\/\/asetaga.web.oondeo.es\/?page_id=1632"},"modified":"2024-11-12T18:13:03","modified_gmt":"2024-11-12T17:13:03","slug":"aviso-legal","status":"publish","type":"page","link":"https:\/\/asetaga.com\/en\/aviso-legal\/","title":{"rendered":"Legal notice"},"content":{"rendered":"<div data-elementor-type=\"wp-page\" data-elementor-id=\"1632\" class=\"elementor elementor-1632\" data-elementor-post-type=\"page\">\n\t\t\t\t<div class=\"elementor-element elementor-element-2e710c14 e-flex e-con-boxed e-con e-parent\" data-id=\"2e710c14\" data-element_type=\"container\">\n\t\t\t\t\t<div class=\"e-con-inner\">\n\t\t\t\t<div class=\"elementor-element elementor-element-55b24e4e elementor-widget elementor-widget-text-editor\" data-id=\"55b24e4e\" data-element_type=\"widget\" data-widget_type=\"text-editor.default\">\n\t\t\t\t<div class=\"elementor-widget-container\">\n\t\t\t\t\t\t\t\t\t\n<h2 class=\"wp-block-heading\">Datos identificativos<\/h2>\n\n<p>Titular: Asetaga<br \/>CIF: G02612299<br \/>Correo electr\u00f3nico: web@asetaga.com<br \/>Domicilio social: ROSARIO, N\u00ba 3, 4 O 02001, ALBACETE, ALBACETE<\/p>\n\n<h2 class=\"wp-block-heading\">Propiedad intelectual<\/h2>\n\n<p>La empresa es titular de todos los derechos de propiedad intelectual e industrial de esta p\u00e1gina web, as\u00ed como de los elementos de contenido en la misma. Todos los derechos est\u00e1n reservados.<\/p>\n\n<p>En virtud de lo dispuesto en los art\u00edculos 8 y 32.1, p\u00e1rrafo segundo, de la Ley de Propiedad Intelectual, quedan expresamente prohibidas la reproducci\u00f3n, la distribuci\u00f3n y la comunicaci\u00f3n p\u00fablica. Se incluye su modalidad de puesta a disposici\u00f3n, de la totalidad o parte de los contenidos de esta p\u00e1gina web, con fines comerciales, en cualquier soporte y por cualquier medio t\u00e9cnico, sin la autorizaci\u00f3n de la empresa.<\/p>\n\n<h2 class=\"wp-block-heading\">Enlaces externos y banners<\/h2>\n\n<p>En caso de que la p\u00e1gina web incluya enlaces externos a otras p\u00e1ginas web, tiene una finalidad meramente informativa, y no supone que la empresa recomiende dichas p\u00e1ginas web, sobre los que no ejerce control alguno, ni es responsable de los mismos.<\/p>\n\n<h2 class=\"wp-block-heading\">Blog<\/h2>\n\n<p>En caso de que la p\u00e1gina web tenga un apartado con caracter\u00edsticas de blog, su finalidad es la difusi\u00f3n de los diferentes servicios ofrecidos por la empresa. El titular de la web no se responsabiliza de las opiniones de los usuarios y se reserva los derechos de borrar los comentarios que pudieran resultar ofensivos o denigrantes. Adem\u00e1s, puede bloquear e impedir los futuros comentarios provenientes de los autores de dichos comentarios.<\/p>\n\n<h2 class=\"wp-block-heading\">T\u00e9rminos generales de uso<\/h2>\n\n<p><br \/>El acceso y uso de este p\u00e1gina web le atribuye la condici\u00f3n de usuario, aceptando los t\u00e9rminos y condiciones generales de uso para poder usar todos los servicios e informaci\u00f3n que se facilitan. Las presentes condiciones generales de uso regulan el acceso y la utilizaci\u00f3n de la p\u00e1gina web, incluyendo los contenidos y los servicios puestos a disposici\u00f3n de los usuarios. El mero acceso o utilizaci\u00f3n en esta p\u00e1gina web, de todos o parte, de sus contenidos y servicios significa la plena aceptaci\u00f3n de las presentes condiciones de uso.<\/p>\n\n<p>Para informarte de los datos personales que recabamos y la forma en que lo hacemos puedes acceder a nuestra Pol\u00edtica de Privacidad. Esta web, por tanto, cumple rigurosamente con el RGPD (REGLAMENTO UE 2016\/679 de protecci\u00f3n de datos) y la LSSI-CE la Ley 34\/2002, del 11 de julio, de servicios de la sociedad de la informaci\u00f3n y de comercio electr\u00f3nico.<\/p>\n\t\t\t\t\t\t\t\t<\/div>\n\t\t\t\t<\/div>\n\t\t\t\t\t<\/div>\n\t\t\t\t<\/div>\n\t\t\t\t<\/div>","protected":false},"excerpt":{"rendered":"<p>Datos identificativos Titular: AsetagaCIF: G02612299Correo electr\u00f3nico: web@asetaga.comDomicilio social: ROSARIO, N\u00ba 3, 4 O 02001, ALBACETE, ALBACETE Propiedad intelectual La empresa es titular de todos los derechos de propiedad intelectual e industrial de esta p\u00e1gina web, as\u00ed como de los elementos de contenido en la misma. Todos los derechos est\u00e1n reservados. En virtud de lo dispuesto [&hellip;]<\/p>","protected":false},"author":1,"featured_media":0,"parent":0,"menu_order":0,"comment_status":"closed","ping_status":"closed","template":"","meta":{"_acf_changed":false,"footnotes":""},"class_list":["post-1632","page","type-page","status-publish","hentry"],"acf":[],"yoast_head":"<!-- This site is optimized with the Yoast SEO plugin v26.4 - https:\/\/yoast.com\/wordpress\/plugins\/seo\/ -->\n<title>Aviso legal - Asetaga<\/title>\n<meta name=\"description\" content=\"Asociaci\u00f3n que impulsa soluciones innovadoras en el sector agroalimentario, integrando investigaci\u00f3n y desarrollo para un impacto sostenible.\" \/>\n<meta name=\"robots\" content=\"index, follow, max-snippet:-1, max-image-preview:large, max-video-preview:-1\" \/>\n<link rel=\"canonical\" href=\"https:\/\/asetaga.com\/en\/aviso-legal\/\" \/>\n<meta property=\"og:locale\" content=\"en_US\" \/>\n<meta property=\"og:type\" content=\"article\" \/>\n<meta property=\"og:title\" content=\"Aviso legal - Asetaga\" \/>\n<meta property=\"og:description\" content=\"Asociaci\u00f3n que impulsa soluciones innovadoras en el sector agroalimentario, integrando investigaci\u00f3n y desarrollo para un impacto sostenible.\" \/>\n<meta property=\"og:url\" content=\"https:\/\/asetaga.com\/en\/aviso-legal\/\" \/>\n<meta property=\"og:site_name\" content=\"Asetaga\" \/>\n<meta property=\"article:publisher\" content=\"https:\/\/www.facebook.com\/profile.php?id=61567276178846\" \/>\n<meta property=\"article:modified_time\" content=\"2024-11-12T17:13:03+00:00\" \/>\n<meta property=\"og:image\" content=\"https:\/\/asetaga.com\/wp-content\/uploads\/2024\/10\/Asetaga-logo.png\" \/>\n\t<meta property=\"og:image:width\" content=\"500\" \/>\n\t<meta property=\"og:image:height\" content=\"104\" \/>\n\t<meta property=\"og:image:type\" content=\"image\/png\" \/>\n<meta name=\"twitter:card\" content=\"summary_large_image\" \/>\n<meta name=\"twitter:label1\" content=\"Est. reading time\" \/>\n\t<meta name=\"twitter:data1\" content=\"2 minutes\" \/>\n<script type=\"application\/ld+json\" class=\"yoast-schema-graph\">{\"@context\":\"https:\/\/schema.org\",\"@graph\":[{\"@type\":\"WebPage\",\"@id\":\"https:\/\/asetaga.com\/aviso-legal\/\",\"url\":\"https:\/\/asetaga.com\/aviso-legal\/\",\"name\":\"Aviso legal - Asetaga\",\"isPartOf\":{\"@id\":\"https:\/\/asetaga.com\/#website\"},\"datePublished\":\"2024-10-30T09:05:15+00:00\",\"dateModified\":\"2024-11-12T17:13:03+00:00\",\"description\":\"Asociaci\u00f3n que impulsa soluciones innovadoras en el sector agroalimentario, integrando investigaci\u00f3n y desarrollo para un impacto sostenible.\",\"breadcrumb\":{\"@id\":\"https:\/\/asetaga.com\/aviso-legal\/#breadcrumb\"},\"inLanguage\":\"en-US\",\"potentialAction\":[{\"@type\":\"ReadAction\",\"target\":[\"https:\/\/asetaga.com\/aviso-legal\/\"]}]},{\"@type\":\"BreadcrumbList\",\"@id\":\"https:\/\/asetaga.com\/aviso-legal\/#breadcrumb\",\"itemListElement\":[{\"@type\":\"ListItem\",\"position\":1,\"name\":\"Inicio\",\"item\":\"https:\/\/asetaga.com\/\"},{\"@type\":\"ListItem\",\"position\":2,\"name\":\"Aviso legal\"}]},{\"@type\":\"WebSite\",\"@id\":\"https:\/\/asetaga.com\/#website\",\"url\":\"https:\/\/asetaga.com\/\",\"name\":\"Asetaga\",\"description\":\"Asociaci\u00f3n Espa\u00f1ola para la Transferencia T\u00e9cnica, Tecnol\u00f3gica y Organizativa en la Agricultura y la Ganader\u00eda\",\"publisher\":{\"@id\":\"https:\/\/asetaga.com\/#organization\"},\"alternateName\":\"Asetaga\",\"potentialAction\":[{\"@type\":\"SearchAction\",\"target\":{\"@type\":\"EntryPoint\",\"urlTemplate\":\"https:\/\/asetaga.com\/?s={search_term_string}\"},\"query-input\":{\"@type\":\"PropertyValueSpecification\",\"valueRequired\":true,\"valueName\":\"search_term_string\"}}],\"inLanguage\":\"en-US\"},{\"@type\":\"Organization\",\"@id\":\"https:\/\/asetaga.com\/#organization\",\"name\":\"Asetaga\",\"alternateName\":\"Asetaga\",\"url\":\"https:\/\/asetaga.com\/\",\"logo\":{\"@type\":\"ImageObject\",\"inLanguage\":\"en-US\",\"@id\":\"https:\/\/asetaga.com\/#\/schema\/logo\/image\/\",\"url\":\"https:\/\/asetaga.com\/wp-content\/uploads\/2024\/10\/Asetaga-logo.png\",\"contentUrl\":\"https:\/\/asetaga.com\/wp-content\/uploads\/2024\/10\/Asetaga-logo.png\",\"width\":500,\"height\":104,\"caption\":\"Asetaga\"},\"image\":{\"@id\":\"https:\/\/asetaga.com\/#\/schema\/logo\/image\/\"},\"sameAs\":[\"https:\/\/www.facebook.com\/profile.php?id=61567276178846\",\"https:\/\/www.instagram.com\/asetaga_oficial\/\"]}]}<\/script>\n<!-- \/ Yoast SEO plugin. -->","yoast_head_json":{"title":"Aviso legal - Asetaga","description":"Asociaci\u00f3n que impulsa soluciones innovadoras en el sector agroalimentario, integrando investigaci\u00f3n y desarrollo para un impacto sostenible.","robots":{"index":"index","follow":"follow","max-snippet":"max-snippet:-1","max-image-preview":"max-image-preview:large","max-video-preview":"max-video-preview:-1"},"canonical":"https:\/\/asetaga.com\/en\/aviso-legal\/","og_locale":"en_US","og_type":"article","og_title":"Aviso legal - Asetaga","og_description":"Asociaci\u00f3n que impulsa soluciones innovadoras en el sector agroalimentario, integrando investigaci\u00f3n y desarrollo para un impacto sostenible.","og_url":"https:\/\/asetaga.com\/en\/aviso-legal\/","og_site_name":"Asetaga","article_publisher":"https:\/\/www.facebook.com\/profile.php?id=61567276178846","article_modified_time":"2024-11-12T17:13:03+00:00","og_image":[{"width":500,"height":104,"url":"https:\/\/asetaga.com\/wp-content\/uploads\/2024\/10\/Asetaga-logo.png","type":"image\/png"}],"twitter_card":"summary_large_image","twitter_misc":{"Est. reading time":"2 minutes"},"schema":{"@context":"https:\/\/schema.org","@graph":[{"@type":"WebPage","@id":"https:\/\/asetaga.com\/aviso-legal\/","url":"https:\/\/asetaga.com\/aviso-legal\/","name":"Aviso legal - Asetaga","isPartOf":{"@id":"https:\/\/asetaga.com\/#website"},"datePublished":"2024-10-30T09:05:15+00:00","dateModified":"2024-11-12T17:13:03+00:00","description":"Asociaci\u00f3n que impulsa soluciones innovadoras en el sector agroalimentario, integrando investigaci\u00f3n y desarrollo para un impacto sostenible.","breadcrumb":{"@id":"https:\/\/asetaga.com\/aviso-legal\/#breadcrumb"},"inLanguage":"en-US","potentialAction":[{"@type":"ReadAction","target":["https:\/\/asetaga.com\/aviso-legal\/"]}]},{"@type":"BreadcrumbList","@id":"https:\/\/asetaga.com\/aviso-legal\/#breadcrumb","itemListElement":[{"@type":"ListItem","position":1,"name":"Inicio","item":"https:\/\/asetaga.com\/"},{"@type":"ListItem","position":2,"name":"Aviso legal"}]},{"@type":"WebSite","@id":"https:\/\/asetaga.com\/#website","url":"https:\/\/asetaga.com\/","name":"Asetaga","description":"Asociaci\u00f3n Espa\u00f1ola para la Transferencia T\u00e9cnica, Tecnol\u00f3gica y Organizativa en la Agricultura y la Ganader\u00eda","publisher":{"@id":"https:\/\/asetaga.com\/#organization"},"alternateName":"Asetaga","potentialAction":[{"@type":"SearchAction","target":{"@type":"EntryPoint","urlTemplate":"https:\/\/asetaga.com\/?s={search_term_string}"},"query-input":{"@type":"PropertyValueSpecification","valueRequired":true,"valueName":"search_term_string"}}],"inLanguage":"en-US"},{"@type":"Organization","@id":"https:\/\/asetaga.com\/#organization","name":"Asetaga","alternateName":"Asetaga","url":"https:\/\/asetaga.com\/","logo":{"@type":"ImageObject","inLanguage":"en-US","@id":"https:\/\/asetaga.com\/#\/schema\/logo\/image\/","url":"https:\/\/asetaga.com\/wp-content\/uploads\/2024\/10\/Asetaga-logo.png","contentUrl":"https:\/\/asetaga.com\/wp-content\/uploads\/2024\/10\/Asetaga-logo.png","width":500,"height":104,"caption":"Asetaga"},"image":{"@id":"https:\/\/asetaga.com\/#\/schema\/logo\/image\/"},"sameAs":["https:\/\/www.facebook.com\/profile.php?id=61567276178846","https:\/\/www.instagram.com\/asetaga_oficial\/"]}]}},"_links":{"self":[{"href":"https:\/\/asetaga.com\/en\/wp-json\/wp\/v2\/pages\/1632","targetHints":{"allow":["GET"]}}],"collection":[{"href":"https:\/\/asetaga.com\/en\/wp-json\/wp\/v2\/pages"}],"about":[{"href":"https:\/\/asetaga.com\/en\/wp-json\/wp\/v2\/types\/page"}],"author":[{"embeddable":true,"href":"https:\/\/asetaga.com\/en\/wp-json\/wp\/v2\/users\/1"}],"replies":[{"embeddable":true,"href":"https:\/\/asetaga.com\/en\/wp-json\/wp\/v2\/comments?post=1632"}],"version-history":[{"count":15,"href":"https:\/\/asetaga.com\/en\/wp-json\/wp\/v2\/pages\/1632\/revisions"}],"predecessor-version":[{"id":1954,"href":"https:\/\/asetaga.com\/en\/wp-json\/wp\/v2\/pages\/1632\/revisions\/1954"}],"wp:attachment":[{"href":"https:\/\/asetaga.com\/en\/wp-json\/wp\/v2\/media?parent=1632"}],"curies":[{"name":"wp","href":"https:\/\/api.w.org\/{rel}","templated":true}]}}