{"id":1712,"date":"2024-10-31T12:17:50","date_gmt":"2024-10-31T11:17:50","guid":{"rendered":"https:\/\/asetaga.web.oondeo.es\/?page_id=1712"},"modified":"2024-11-06T15:47:41","modified_gmt":"2024-11-06T14:47:41","slug":"inicio","status":"publish","type":"page","link":"https:\/\/asetaga.com\/en\/","title":{"rendered":"Home"},"content":{"rendered":"<div data-elementor-type=\"wp-page\" data-elementor-id=\"1712\" class=\"elementor elementor-1712\" data-elementor-post-type=\"page\">\n\t\t\t\t<div data-dce-background-overlay-color=\"#FFFFFF\" data-dce-background-image-url=\"https:\/\/asetaga.web.oondeo.es\/wp-content\/uploads\/2024\/11\/dron-cielo.jpg\" class=\"elementor-element elementor-element-b6c7bdb e-con-full e-flex e-con e-parent\" data-id=\"b6c7bdb\" data-element_type=\"container\" data-settings=\"{&quot;background_background&quot;:&quot;classic&quot;,&quot;background_motion_fx_motion_fx_scrolling&quot;:&quot;yes&quot;,&quot;background_motion_fx_translateY_effect&quot;:&quot;yes&quot;,&quot;background_motion_fx_translateY_speed&quot;:{&quot;unit&quot;:&quot;px&quot;,&quot;size&quot;:9,&quot;sizes&quot;:[]},&quot;background_motion_fx_translateY_affectedRange&quot;:{&quot;unit&quot;:&quot;%&quot;,&quot;size&quot;:&quot;&quot;,&quot;sizes&quot;:{&quot;start&quot;:0,&quot;end&quot;:56}},&quot;background_motion_fx_devices&quot;:[&quot;desktop&quot;,&quot;tablet&quot;,&quot;mobile&quot;]}\">\n\t\t<div class=\"elementor-element elementor-element-c1ff271 e-con-full e-flex e-con e-child\" data-id=\"c1ff271\" data-element_type=\"container\">\n\t\t\t\t<div class=\"elementor-element elementor-element-7b3df57 elementor-widget elementor-widget-heading\" data-id=\"7b3df57\" data-element_type=\"widget\" data-widget_type=\"heading.default\">\n\t\t\t\t<div class=\"elementor-widget-container\">\n\t\t\t\t\t<p class=\"elementor-heading-title elementor-size-default\">We are innovation<\/p>\t\t\t\t<\/div>\n\t\t\t\t<\/div>\n\t\t\t\t<div class=\"elementor-element elementor-element-a609906 elementor-widget elementor-widget-heading\" data-id=\"a609906\" data-element_type=\"widget\" data-widget_type=\"heading.default\">\n\t\t\t\t<div class=\"elementor-widget-container\">\n\t\t\t\t\t<h1 class=\"elementor-heading-title elementor-size-default\">Asetaga<\/h1>\t\t\t\t<\/div>\n\t\t\t\t<\/div>\n\t\t\t\t<div class=\"elementor-element elementor-element-9f55f6b elementor-widget elementor-widget-text-editor\" data-id=\"9f55f6b\" data-element_type=\"widget\" data-widget_type=\"text-editor.default\">\n\t\t\t\t<div class=\"elementor-widget-container\">\n\t\t\t\t\t\t\t\t\t<div class=\"flex-shrink-0 flex flex-col relative items-end\"><div class=\"pt-0\"><div class=\"gizmo-bot-avatar flex h-8 w-8 items-center justify-center overflow-hidden rounded-full\"><div class=\"relative p-1 rounded-sm flex items-center justify-center bg-token-main-surface-primary text-token-text-primary h-8 w-8\">More than 20 years of experience, innovation and commitment in every project<\/div><\/div><\/div><\/div>\t\t\t\t\t\t\t\t<\/div>\n\t\t\t\t<\/div>\n\t\t\t\t<\/div>\n\t\t<div class=\"elementor-element elementor-element-fee7ebd e-con-full elementor-hidden-mobile e-flex e-con e-child\" data-id=\"fee7ebd\" data-element_type=\"container\" data-settings=\"{&quot;background_background&quot;:&quot;classic&quot;}\">\n\t\t\t\t<\/div>\n\t\t\t\t<\/div>\n\t\t<div class=\"elementor-element elementor-element-be2a9b1 e-con-full e-flex e-con e-parent\" data-id=\"be2a9b1\" data-element_type=\"container\">\n\t\t<div data-dce-background-image-url=\"http:\/\/asetaga.web.oondeo.es\/wp-content\/uploads\/2024\/10\/cosecha-cielo.jpg\" data-dce-background-hover-image-url=\"http:\/\/asetaga.web.oondeo.es\/wp-content\/uploads\/2024\/10\/cielo-cosecha-1.jpg\" data-dce-advanced-background-hover-image-url=\"http:\/\/asetaga.web.oondeo.es\/wp-content\/uploads\/2024\/10\/cielo-cosecha-1.jpg\" class=\"elementor-element elementor-element-5403fe4 e-con-full e-flex e-con e-child\" data-id=\"5403fe4\" data-element_type=\"container\" data-settings=\"{&quot;background_background&quot;:&quot;classic&quot;,&quot;background_motion_fx_motion_fx_scrolling&quot;:&quot;yes&quot;,&quot;background_motion_fx_translateY_effect&quot;:&quot;yes&quot;,&quot;background_motion_fx_translateY_speed&quot;:{&quot;unit&quot;:&quot;px&quot;,&quot;size&quot;:4.5,&quot;sizes&quot;:[]},&quot;background_motion_fx_translateY_affectedRange&quot;:{&quot;unit&quot;:&quot;%&quot;,&quot;size&quot;:&quot;&quot;,&quot;sizes&quot;:{&quot;start&quot;:0,&quot;end&quot;:100}},&quot;background_motion_fx_devices&quot;:[&quot;desktop&quot;,&quot;tablet&quot;,&quot;mobile&quot;]}\">\n\t\t\t\t<div class=\"elementor-element elementor-element-0b4192b elementor-widget elementor-widget-heading\" data-id=\"0b4192b\" data-element_type=\"widget\" data-widget_type=\"heading.default\">\n\t\t\t\t<div class=\"elementor-widget-container\">\n\t\t\t\t\t<div class=\"elementor-heading-title elementor-size-default\">Our commitment: R+D+i<\/div>\t\t\t\t<\/div>\n\t\t\t\t<\/div>\n\t\t\t\t<div class=\"elementor-element elementor-element-0ca1621 elementor-widget elementor-widget-text-editor\" data-id=\"0ca1621\" data-element_type=\"widget\" data-widget_type=\"text-editor.default\">\n\t\t\t\t<div class=\"elementor-widget-container\">\n\t\t\t\t\t\t\t\t\t<p>Asetaga was created to provide solutions based on R+D+i to any problem that arises.<\/p>\t\t\t\t\t\t\t\t<\/div>\n\t\t\t\t<\/div>\n\t\t\t\t<\/div>\n\t\t<div data-dce-background-image-url=\"http:\/\/asetaga.web.oondeo.es\/wp-content\/uploads\/2024\/10\/cosechadora.jpg\" class=\"elementor-element elementor-element-0ab461c e-con-full e-flex e-con e-child\" data-id=\"0ab461c\" data-element_type=\"container\" data-settings=\"{&quot;background_background&quot;:&quot;classic&quot;,&quot;background_motion_fx_motion_fx_scrolling&quot;:&quot;yes&quot;,&quot;background_motion_fx_translateY_effect&quot;:&quot;yes&quot;,&quot;background_motion_fx_translateY_speed&quot;:{&quot;unit&quot;:&quot;px&quot;,&quot;size&quot;:4.5,&quot;sizes&quot;:[]},&quot;background_motion_fx_translateY_affectedRange&quot;:{&quot;unit&quot;:&quot;%&quot;,&quot;size&quot;:&quot;&quot;,&quot;sizes&quot;:{&quot;start&quot;:0,&quot;end&quot;:100}},&quot;background_motion_fx_devices&quot;:[&quot;desktop&quot;,&quot;tablet&quot;,&quot;mobile&quot;]}\">\n\t\t\t\t<div class=\"elementor-element elementor-element-0f0d234 elementor-widget elementor-widget-heading\" data-id=\"0f0d234\" data-element_type=\"widget\" data-widget_type=\"heading.default\">\n\t\t\t\t<div class=\"elementor-widget-container\">\n\t\t\t\t\t<div class=\"elementor-heading-title elementor-size-default\">Experience<\/div>\t\t\t\t<\/div>\n\t\t\t\t<\/div>\n\t\t\t\t<div class=\"elementor-element elementor-element-8aa4270 elementor-widget elementor-widget-text-editor\" data-id=\"8aa4270\" data-element_type=\"widget\" data-widget_type=\"text-editor.default\">\n\t\t\t\t<div class=\"elementor-widget-container\">\n\t\t\t\t\t\t\t\t\t<p>Experience is our source of inspiration to develop innovative solutions.<\/p>\t\t\t\t\t\t\t\t<\/div>\n\t\t\t\t<\/div>\n\t\t\t\t<\/div>\n\t\t<div data-dce-background-image-url=\"http:\/\/asetaga.web.oondeo.es\/wp-content\/uploads\/2024\/10\/transplante-tijeras-1.jpg\" class=\"elementor-element elementor-element-bf76a9c e-con-full e-flex e-con e-child\" data-id=\"bf76a9c\" data-element_type=\"container\" data-settings=\"{&quot;background_background&quot;:&quot;classic&quot;,&quot;background_motion_fx_motion_fx_scrolling&quot;:&quot;yes&quot;,&quot;background_motion_fx_translateY_effect&quot;:&quot;yes&quot;,&quot;background_motion_fx_translateY_speed&quot;:{&quot;unit&quot;:&quot;px&quot;,&quot;size&quot;:4.5,&quot;sizes&quot;:[]},&quot;background_motion_fx_translateY_affectedRange&quot;:{&quot;unit&quot;:&quot;%&quot;,&quot;size&quot;:&quot;&quot;,&quot;sizes&quot;:{&quot;start&quot;:0,&quot;end&quot;:100}},&quot;background_motion_fx_devices&quot;:[&quot;desktop&quot;,&quot;tablet&quot;,&quot;mobile&quot;]}\">\n\t\t\t\t<div class=\"elementor-element elementor-element-b52d121 elementor-widget elementor-widget-heading\" data-id=\"b52d121\" data-element_type=\"widget\" data-widget_type=\"heading.default\">\n\t\t\t\t<div class=\"elementor-widget-container\">\n\t\t\t\t\t<div class=\"elementor-heading-title elementor-size-default\">Problem vs. Solution<\/div>\t\t\t\t<\/div>\n\t\t\t\t<\/div>\n\t\t\t\t<div class=\"elementor-element elementor-element-4d622f2 elementor-widget elementor-widget-text-editor\" data-id=\"4d622f2\" data-element_type=\"widget\" data-widget_type=\"text-editor.default\">\n\t\t\t\t<div class=\"elementor-widget-container\">\n\t\t\t\t\t\t\t\t\t<p>Every problem has a solution associated with it from the moment it is born. We help you to find it.<\/p>\t\t\t\t\t\t\t\t<\/div>\n\t\t\t\t<\/div>\n\t\t\t\t<\/div>\n\t\t\t\t<\/div>\n\t\t<div data-dce-background-image-url=\"http:\/\/asetaga.web.oondeo.es\/wp-content\/uploads\/2024\/10\/espigas.jpg\" class=\"elementor-element elementor-element-c8206e2 e-flex e-con-boxed e-con e-parent\" data-id=\"c8206e2\" data-element_type=\"container\" data-settings=\"{&quot;background_background&quot;:&quot;classic&quot;}\">\n\t\t\t\t\t<div class=\"e-con-inner\">\n\t\t<div class=\"elementor-element elementor-element-c9a229a e-con-full e-flex e-con e-child\" data-id=\"c9a229a\" data-element_type=\"container\">\n\t\t\t\t<div class=\"elementor-element elementor-element-46be30b elementor-widget elementor-widget-heading\" data-id=\"46be30b\" data-element_type=\"widget\" data-settings=\"{&quot;_animation&quot;:&quot;none&quot;}\" data-widget_type=\"heading.default\">\n\t\t\t\t<div class=\"elementor-widget-container\">\n\t\t\t\t\t<h2 class=\"elementor-heading-title elementor-size-default\">Asetaga in numbers<\/h2>\t\t\t\t<\/div>\n\t\t\t\t<\/div>\n\t\t\t\t<\/div>\n\t\t<div class=\"elementor-element elementor-element-a72d141 e-con-full e-flex e-con e-child\" data-id=\"a72d141\" data-element_type=\"container\">\n\t\t\t\t<div class=\"elementor-element elementor-element-1a20a24 contador elementor-widget elementor-widget-counter\" data-id=\"1a20a24\" data-element_type=\"widget\" data-widget_type=\"counter.default\">\n\t\t\t\t<div class=\"elementor-widget-container\">\n\t\t\t\t\t\t\t<div class=\"elementor-counter\">\n\t\t\t<p class=\"elementor-counter-title\">reports written on European, national and regional projects<\/p>\t\t\t<div class=\"elementor-counter-number-wrapper\">\n\t\t\t\t<span class=\"elementor-counter-number-prefix\">+<\/span>\n\t\t\t\t<span class=\"elementor-counter-number\" data-duration=\"2000\" data-to-value=\"200\" data-from-value=\"180\" data-delimiter=\",\">180<\/span>\n\t\t\t\t<span class=\"elementor-counter-number-suffix\"><\/span>\n\t\t\t<\/div>\n\t\t<\/div>\n\t\t\t\t\t\t<\/div>\n\t\t\t\t<\/div>\n\t\t\t\t<\/div>\n\t\t<div class=\"elementor-element elementor-element-587dc53 e-con-full e-flex e-con e-child\" data-id=\"587dc53\" data-element_type=\"container\">\n\t\t\t\t<div class=\"elementor-element elementor-element-fbbdac7 contador elementor-widget elementor-widget-counter\" data-id=\"fbbdac7\" data-element_type=\"widget\" data-widget_type=\"counter.default\">\n\t\t\t\t<div class=\"elementor-widget-container\">\n\t\t\t\t\t\t\t<div class=\"elementor-counter\">\n\t\t\t<p class=\"elementor-counter-title\">years of acquiring, developing and transferring knowledge of very high value.<\/p>\t\t\t<div class=\"elementor-counter-number-wrapper\">\n\t\t\t\t<span class=\"elementor-counter-number-prefix\">+<\/span>\n\t\t\t\t<span class=\"elementor-counter-number\" data-duration=\"2000\" data-to-value=\"20\" data-from-value=\"0\" data-delimiter=\",\">0<\/span>\n\t\t\t\t<span class=\"elementor-counter-number-suffix\"><\/span>\n\t\t\t<\/div>\n\t\t<\/div>\n\t\t\t\t\t\t<\/div>\n\t\t\t\t<\/div>\n\t\t\t\t<\/div>\n\t\t<div class=\"elementor-element elementor-element-ac0aaaa e-con-full e-flex e-con e-child\" data-id=\"ac0aaaa\" data-element_type=\"container\">\n\t\t\t\t<div class=\"elementor-element elementor-element-0c71e80 contador elementor-widget elementor-widget-counter\" data-id=\"0c71e80\" data-element_type=\"widget\" data-widget_type=\"counter.default\">\n\t\t\t\t<div class=\"elementor-widget-container\">\n\t\t\t\t\t\t\t<div class=\"elementor-counter\">\n\t\t\t<p class=\"elementor-counter-title\">partners among companies, associations, universities, technological centres, ...<\/p>\t\t\t<div class=\"elementor-counter-number-wrapper\">\n\t\t\t\t<span class=\"elementor-counter-number-prefix\">+<\/span>\n\t\t\t\t<span class=\"elementor-counter-number\" data-duration=\"2000\" data-to-value=\"500\" data-from-value=\"480\" data-delimiter=\",\">480<\/span>\n\t\t\t\t<span class=\"elementor-counter-number-suffix\"><\/span>\n\t\t\t<\/div>\n\t\t<\/div>\n\t\t\t\t\t\t<\/div>\n\t\t\t\t<\/div>\n\t\t\t\t<\/div>\n\t\t\t\t\t<\/div>\n\t\t\t\t<\/div>\n\t\t<div data-dce-background-color=\"#F4F0EC\" class=\"elementor-element elementor-element-a43a42c e-flex e-con-boxed e-con e-parent\" data-id=\"a43a42c\" data-element_type=\"container\" data-settings=\"{&quot;background_background&quot;:&quot;classic&quot;}\">\n\t\t\t\t\t<div class=\"e-con-inner\">\n\t\t<div class=\"elementor-element elementor-element-bbc2ca0 e-con-full e-flex e-con e-child\" data-id=\"bbc2ca0\" data-element_type=\"container\">\n\t\t\t\t<div class=\"elementor-element elementor-element-d5fd3b5 elementor-widget elementor-widget-heading\" data-id=\"d5fd3b5\" data-element_type=\"widget\" data-settings=\"{&quot;_animation&quot;:&quot;none&quot;}\" data-widget_type=\"heading.default\">\n\t\t\t\t<div class=\"elementor-widget-container\">\n\t\t\t\t\t<h2 class=\"elementor-heading-title elementor-size-default\">Consulting and Innovation<\/h2>\t\t\t\t<\/div>\n\t\t\t\t<\/div>\n\t\t\t\t<\/div>\n\t\t<div class=\"elementor-element elementor-element-df5eed8 e-con-full e-flex e-con e-child\" data-id=\"df5eed8\" data-element_type=\"container\">\n\t\t\t\t<div class=\"elementor-element elementor-element-3babab2 dce_masking-none elementor-invisible elementor-widget elementor-widget-image\" data-id=\"3babab2\" data-element_type=\"widget\" data-settings=\"{&quot;_animation&quot;:&quot;fadeInUp&quot;}\" data-widget_type=\"image.default\">\n\t\t\t\t<div class=\"elementor-widget-container\">\n\t\t\t\t\t\t\t\t\t\t\t\t\t\t\t<img decoding=\"async\" src=\"https:\/\/asetaga.com\/wp-content\/uploads\/elementor\/thumbs\/probetas-plantas-qwm9qiwug1r20398t5m9jz1o0gck2hv23eagkwfge0.png\" title=\"probetas-plantas\" alt=\"probetas-plantas\" loading=\"lazy\" \/>\t\t\t\t\t\t\t\t\t\t\t\t\t\t\t<\/div>\n\t\t\t\t<\/div>\n\t\t\t\t<\/div>\n\t\t<div class=\"elementor-element elementor-element-2aea249 e-con-full e-flex e-con e-child\" data-id=\"2aea249\" data-element_type=\"container\">\n\t\t\t\t<div class=\"elementor-element elementor-element-ad9e61c elementor-widget elementor-widget-text-editor\" data-id=\"ad9e61c\" data-element_type=\"widget\" data-settings=\"{&quot;_animation&quot;:&quot;none&quot;}\" data-widget_type=\"text-editor.default\">\n\t\t\t\t<div class=\"elementor-widget-container\">\n\t\t\t\t\t\t\t\t\t<p>Our high degree of specialisation in the agri-food sector allows us to offer highly valuable advice and to work together with public and private companies, universities, technology centres, associations, etc.<\/p><p>We work to improve the lives of people and companies always with our best weapons: research, development and innovation: R+D+i.<\/p><p>The solutions we seek and propose to our clients are always associated with criteria of sustainable development and environmental and social sustainability.<\/p>\t\t\t\t\t\t\t\t<\/div>\n\t\t\t\t<\/div>\n\t\t\t\t<\/div>\n\t\t\t\t\t<\/div>\n\t\t\t\t<\/div>\n\t\t<div data-dce-background-image-url=\"https:\/\/asetaga.web.oondeo.es\/wp-content\/uploads\/2024\/11\/ganado-campo-1.jpg\" class=\"elementor-element elementor-element-7d0bc75 e-flex e-con-boxed e-con e-parent\" data-id=\"7d0bc75\" data-element_type=\"container\" data-settings=\"{&quot;background_background&quot;:&quot;classic&quot;}\">\n\t\t\t\t\t<div class=\"e-con-inner\">\n\t\t\t\t<div class=\"elementor-element elementor-element-e893d91 elementor-widget elementor-widget-heading\" data-id=\"e893d91\" data-element_type=\"widget\" data-widget_type=\"heading.default\">\n\t\t\t\t<div class=\"elementor-widget-container\">\n\t\t\t\t\t<h2 class=\"elementor-heading-title elementor-size-default\">Request personalised information<\/h2>\t\t\t\t<\/div>\n\t\t\t\t<\/div>\n\t\t\t\t<div class=\"elementor-element elementor-element-b1987ce elementor-widget elementor-widget-text-editor\" data-id=\"b1987ce\" data-element_type=\"widget\" data-widget_type=\"text-editor.default\">\n\t\t\t\t<div class=\"elementor-widget-container\">\n\t\t\t\t\t\t\t\t\t<p>We are here to help you<\/p>\t\t\t\t\t\t\t\t<\/div>\n\t\t\t\t<\/div>\n\t\t\t\t<div class=\"elementor-element elementor-element-4bef2af elementor-align-center elementor-button-info elementor-widget elementor-widget-button\" data-id=\"4bef2af\" data-element_type=\"widget\" data-widget_type=\"button.default\">\n\t\t\t\t<div class=\"elementor-widget-container\">\n\t\t\t\t\t\t\t\t\t<div class=\"elementor-button-wrapper\">\n\t\t\t\t\t<a class=\"elementor-button elementor-button-link elementor-size-sm\" href=\"\/en\/unete\/\">\n\t\t\t\t\t\t<span class=\"elementor-button-content-wrapper\">\n\t\t\t\t\t\t\t\t\t<span class=\"elementor-button-text\">Contact<br> with us<\/span>\n\t\t\t\t\t<\/span>\n\t\t\t\t\t<\/a>\n\t\t\t\t<\/div>\n\t\t\t\t\t\t\t\t<\/div>\n\t\t\t\t<\/div>\n\t\t\t\t\t<\/div>\n\t\t\t\t<\/div>\n\t\t\t\t<\/div>","protected":false},"excerpt":{"rendered":"<p>Somos innovaci\u00f3n Asetaga M\u00e1s de 20 a\u00f1os de experiencia, innovaci\u00f3n y compromiso en cada proyecto Nuestra apuesta: I+d+i Asetaga surge para dar soluciones basadas en i+d+i ante cualquier problema que se nos plantea. Experiencia La experiencia es nuestra fuente de inspiraci\u00f3n para desarrollar soluciones innovadoras. Problema vs. Soluci\u00f3n Cualquier problema lleva asociada desde que nace [&hellip;]<\/p>","protected":false},"author":1,"featured_media":0,"parent":0,"menu_order":0,"comment_status":"closed","ping_status":"closed","template":"","meta":{"_acf_changed":false,"footnotes":""},"class_list":["post-1712","page","type-page","status-publish","hentry"],"acf":[],"yoast_head":"<!-- This site is optimized with the Yoast SEO plugin v26.4 - https:\/\/yoast.com\/wordpress\/plugins\/seo\/ -->\n<title>Inicio - Asetaga<\/title>\n<meta name=\"description\" content=\"Innovaci\u00f3n y soluciones sostenibles con proyectos de investigaci\u00f3n y desarrollo (I+D+i) que generan impacto positivo.\" \/>\n<meta name=\"robots\" content=\"index, follow, max-snippet:-1, max-image-preview:large, max-video-preview:-1\" \/>\n<link rel=\"canonical\" href=\"https:\/\/asetaga.com\/en\/\" \/>\n<meta property=\"og:locale\" content=\"en_US\" \/>\n<meta property=\"og:type\" content=\"article\" \/>\n<meta property=\"og:title\" content=\"Inicio - Asetaga\" \/>\n<meta property=\"og:description\" content=\"Innovaci\u00f3n y soluciones sostenibles con proyectos de investigaci\u00f3n y desarrollo (I+D+i) que generan impacto positivo.\" \/>\n<meta property=\"og:url\" content=\"https:\/\/asetaga.com\/en\/\" \/>\n<meta property=\"og:site_name\" content=\"Asetaga\" \/>\n<meta property=\"article:publisher\" content=\"https:\/\/www.facebook.com\/profile.php?id=61567276178846\" \/>\n<meta property=\"article:modified_time\" content=\"2024-11-06T14:47:41+00:00\" \/>\n<meta property=\"og:image\" content=\"https:\/\/asetaga.web.oondeo.es\/wp-content\/uploads\/elementor\/thumbs\/probetas-plantas-qwm9qiwug1r20398t5m9jz1o0gck2hv23eagkwfge0.png\" \/>\n<meta name=\"twitter:card\" content=\"summary_large_image\" \/>\n<meta name=\"twitter:label1\" content=\"Est. reading time\" \/>\n\t<meta name=\"twitter:data1\" content=\"1 minute\" \/>\n<script type=\"application\/ld+json\" class=\"yoast-schema-graph\">{\"@context\":\"https:\/\/schema.org\",\"@graph\":[{\"@type\":\"WebPage\",\"@id\":\"https:\/\/asetaga.com\/\",\"url\":\"https:\/\/asetaga.com\/\",\"name\":\"Inicio - Asetaga\",\"isPartOf\":{\"@id\":\"https:\/\/asetaga.com\/#website\"},\"primaryImageOfPage\":{\"@id\":\"https:\/\/asetaga.com\/#primaryimage\"},\"image\":{\"@id\":\"https:\/\/asetaga.com\/#primaryimage\"},\"thumbnailUrl\":\"https:\/\/asetaga.web.oondeo.es\/wp-content\/uploads\/elementor\/thumbs\/probetas-plantas-qwm9qiwug1r20398t5m9jz1o0gck2hv23eagkwfge0.png\",\"datePublished\":\"2024-10-31T11:17:50+00:00\",\"dateModified\":\"2024-11-06T14:47:41+00:00\",\"description\":\"Innovaci\u00f3n y soluciones sostenibles con proyectos de investigaci\u00f3n y desarrollo (I+D+i) que generan impacto positivo.\",\"breadcrumb\":{\"@id\":\"https:\/\/asetaga.com\/#breadcrumb\"},\"inLanguage\":\"en-US\",\"potentialAction\":[{\"@type\":\"ReadAction\",\"target\":[\"https:\/\/asetaga.com\/\"]}]},{\"@type\":\"ImageObject\",\"inLanguage\":\"en-US\",\"@id\":\"https:\/\/asetaga.com\/#primaryimage\",\"url\":\"https:\/\/asetaga.web.oondeo.es\/wp-content\/uploads\/elementor\/thumbs\/probetas-plantas-qwm9qiwug1r20398t5m9jz1o0gck2hv23eagkwfge0.png\",\"contentUrl\":\"https:\/\/asetaga.web.oondeo.es\/wp-content\/uploads\/elementor\/thumbs\/probetas-plantas-qwm9qiwug1r20398t5m9jz1o0gck2hv23eagkwfge0.png\"},{\"@type\":\"BreadcrumbList\",\"@id\":\"https:\/\/asetaga.com\/#breadcrumb\",\"itemListElement\":[{\"@type\":\"ListItem\",\"position\":1,\"name\":\"Inicio\",\"item\":\"https:\/\/asetaga.com\/\"},{\"@type\":\"ListItem\",\"position\":2,\"name\":\"Inicio\"}]},{\"@type\":\"WebSite\",\"@id\":\"https:\/\/asetaga.com\/#website\",\"url\":\"https:\/\/asetaga.com\/\",\"name\":\"Asetaga\",\"description\":\"Asociaci\u00f3n Espa\u00f1ola para la Transferencia T\u00e9cnica, Tecnol\u00f3gica y Organizativa en la Agricultura y la Ganader\u00eda\",\"publisher\":{\"@id\":\"https:\/\/asetaga.com\/#organization\"},\"alternateName\":\"Asetaga\",\"potentialAction\":[{\"@type\":\"SearchAction\",\"target\":{\"@type\":\"EntryPoint\",\"urlTemplate\":\"https:\/\/asetaga.com\/?s={search_term_string}\"},\"query-input\":{\"@type\":\"PropertyValueSpecification\",\"valueRequired\":true,\"valueName\":\"search_term_string\"}}],\"inLanguage\":\"en-US\"},{\"@type\":\"Organization\",\"@id\":\"https:\/\/asetaga.com\/#organization\",\"name\":\"Asetaga\",\"alternateName\":\"Asetaga\",\"url\":\"https:\/\/asetaga.com\/\",\"logo\":{\"@type\":\"ImageObject\",\"inLanguage\":\"en-US\",\"@id\":\"https:\/\/asetaga.com\/#\/schema\/logo\/image\/\",\"url\":\"https:\/\/asetaga.com\/wp-content\/uploads\/2024\/10\/Asetaga-logo.png\",\"contentUrl\":\"https:\/\/asetaga.com\/wp-content\/uploads\/2024\/10\/Asetaga-logo.png\",\"width\":500,\"height\":104,\"caption\":\"Asetaga\"},\"image\":{\"@id\":\"https:\/\/asetaga.com\/#\/schema\/logo\/image\/\"},\"sameAs\":[\"https:\/\/www.facebook.com\/profile.php?id=61567276178846\",\"https:\/\/www.instagram.com\/asetaga_oficial\/\"]}]}<\/script>\n<!-- \/ Yoast SEO plugin. -->","yoast_head_json":{"title":"Inicio - Asetaga","description":"Innovaci\u00f3n y soluciones sostenibles con proyectos de investigaci\u00f3n y desarrollo (I+D+i) que generan impacto positivo.","robots":{"index":"index","follow":"follow","max-snippet":"max-snippet:-1","max-image-preview":"max-image-preview:large","max-video-preview":"max-video-preview:-1"},"canonical":"https:\/\/asetaga.com\/en\/","og_locale":"en_US","og_type":"article","og_title":"Inicio - Asetaga","og_description":"Innovaci\u00f3n y soluciones sostenibles con proyectos de investigaci\u00f3n y desarrollo (I+D+i) que generan impacto positivo.","og_url":"https:\/\/asetaga.com\/en\/","og_site_name":"Asetaga","article_publisher":"https:\/\/www.facebook.com\/profile.php?id=61567276178846","article_modified_time":"2024-11-06T14:47:41+00:00","og_image":[{"url":"https:\/\/asetaga.web.oondeo.es\/wp-content\/uploads\/elementor\/thumbs\/probetas-plantas-qwm9qiwug1r20398t5m9jz1o0gck2hv23eagkwfge0.png","type":"","width":"","height":""}],"twitter_card":"summary_large_image","twitter_misc":{"Est. reading time":"1 minute"},"schema":{"@context":"https:\/\/schema.org","@graph":[{"@type":"WebPage","@id":"https:\/\/asetaga.com\/","url":"https:\/\/asetaga.com\/","name":"Inicio - Asetaga","isPartOf":{"@id":"https:\/\/asetaga.com\/#website"},"primaryImageOfPage":{"@id":"https:\/\/asetaga.com\/#primaryimage"},"image":{"@id":"https:\/\/asetaga.com\/#primaryimage"},"thumbnailUrl":"https:\/\/asetaga.web.oondeo.es\/wp-content\/uploads\/elementor\/thumbs\/probetas-plantas-qwm9qiwug1r20398t5m9jz1o0gck2hv23eagkwfge0.png","datePublished":"2024-10-31T11:17:50+00:00","dateModified":"2024-11-06T14:47:41+00:00","description":"Innovaci\u00f3n y soluciones sostenibles con proyectos de investigaci\u00f3n y desarrollo (I+D+i) que generan impacto positivo.","breadcrumb":{"@id":"https:\/\/asetaga.com\/#breadcrumb"},"inLanguage":"en-US","potentialAction":[{"@type":"ReadAction","target":["https:\/\/asetaga.com\/"]}]},{"@type":"ImageObject","inLanguage":"en-US","@id":"https:\/\/asetaga.com\/#primaryimage","url":"https:\/\/asetaga.web.oondeo.es\/wp-content\/uploads\/elementor\/thumbs\/probetas-plantas-qwm9qiwug1r20398t5m9jz1o0gck2hv23eagkwfge0.png","contentUrl":"https:\/\/asetaga.web.oondeo.es\/wp-content\/uploads\/elementor\/thumbs\/probetas-plantas-qwm9qiwug1r20398t5m9jz1o0gck2hv23eagkwfge0.png"},{"@type":"BreadcrumbList","@id":"https:\/\/asetaga.com\/#breadcrumb","itemListElement":[{"@type":"ListItem","position":1,"name":"Inicio","item":"https:\/\/asetaga.com\/"},{"@type":"ListItem","position":2,"name":"Inicio"}]},{"@type":"WebSite","@id":"https:\/\/asetaga.com\/#website","url":"https:\/\/asetaga.com\/","name":"Asetaga","description":"Asociaci\u00f3n Espa\u00f1ola para la Transferencia T\u00e9cnica, Tecnol\u00f3gica y Organizativa en la Agricultura y la Ganader\u00eda","publisher":{"@id":"https:\/\/asetaga.com\/#organization"},"alternateName":"Asetaga","potentialAction":[{"@type":"SearchAction","target":{"@type":"EntryPoint","urlTemplate":"https:\/\/asetaga.com\/?s={search_term_string}"},"query-input":{"@type":"PropertyValueSpecification","valueRequired":true,"valueName":"search_term_string"}}],"inLanguage":"en-US"},{"@type":"Organization","@id":"https:\/\/asetaga.com\/#organization","name":"Asetaga","alternateName":"Asetaga","url":"https:\/\/asetaga.com\/","logo":{"@type":"ImageObject","inLanguage":"en-US","@id":"https:\/\/asetaga.com\/#\/schema\/logo\/image\/","url":"https:\/\/asetaga.com\/wp-content\/uploads\/2024\/10\/Asetaga-logo.png","contentUrl":"https:\/\/asetaga.com\/wp-content\/uploads\/2024\/10\/Asetaga-logo.png","width":500,"height":104,"caption":"Asetaga"},"image":{"@id":"https:\/\/asetaga.com\/#\/schema\/logo\/image\/"},"sameAs":["https:\/\/www.facebook.com\/profile.php?id=61567276178846","https:\/\/www.instagram.com\/asetaga_oficial\/"]}]}},"_links":{"self":[{"href":"https:\/\/asetaga.com\/en\/wp-json\/wp\/v2\/pages\/1712","targetHints":{"allow":["GET"]}}],"collection":[{"href":"https:\/\/asetaga.com\/en\/wp-json\/wp\/v2\/pages"}],"about":[{"href":"https:\/\/asetaga.com\/en\/wp-json\/wp\/v2\/types\/page"}],"author":[{"embeddable":true,"href":"https:\/\/asetaga.com\/en\/wp-json\/wp\/v2\/users\/1"}],"replies":[{"embeddable":true,"href":"https:\/\/asetaga.com\/en\/wp-json\/wp\/v2\/comments?post=1712"}],"version-history":[{"count":162,"href":"https:\/\/asetaga.com\/en\/wp-json\/wp\/v2\/pages\/1712\/revisions"}],"predecessor-version":[{"id":1918,"href":"https:\/\/asetaga.com\/en\/wp-json\/wp\/v2\/pages\/1712\/revisions\/1918"}],"wp:attachment":[{"href":"https:\/\/asetaga.com\/en\/wp-json\/wp\/v2\/media?parent=1712"}],"curies":[{"name":"wp","href":"https:\/\/api.w.org\/{rel}","templated":true}]}}