{"id":21,"date":"2024-05-23T12:15:24","date_gmt":"2024-05-23T10:15:24","guid":{"rendered":"https:\/\/asetaga.web.oondeo.es\/?page_id=21"},"modified":"2024-11-12T18:25:24","modified_gmt":"2024-11-12T17:25:24","slug":"unete","status":"publish","type":"page","link":"https:\/\/asetaga.com\/en\/unete\/","title":{"rendered":"Join us"},"content":{"rendered":"<div data-elementor-type=\"wp-page\" data-elementor-id=\"21\" class=\"elementor elementor-21\" data-elementor-post-type=\"page\">\n\t\t\t\t<div data-dce-background-image-url=\"http:\/\/asetaga.web.oondeo.es\/wp-content\/uploads\/2024\/10\/brotes-hojas.jpg\" class=\"elementor-element elementor-element-177fc6c e-flex e-con-boxed e-con e-parent\" data-id=\"177fc6c\" data-element_type=\"container\" data-settings=\"{&quot;background_background&quot;:&quot;classic&quot;}\">\n\t\t\t\t\t<div class=\"e-con-inner\">\n\t\t\t\t<div class=\"elementor-element elementor-element-38b0207 elementor-widget elementor-widget-heading\" data-id=\"38b0207\" data-element_type=\"widget\" data-widget_type=\"heading.default\">\n\t\t\t\t<div class=\"elementor-widget-container\">\n\t\t\t\t\t<h1 class=\"elementor-heading-title elementor-size-default\">Join us<\/h1>\t\t\t\t<\/div>\n\t\t\t\t<\/div>\n\t\t\t\t<div class=\"elementor-element elementor-element-640830e elementor-widget elementor-widget-heading\" data-id=\"640830e\" data-element_type=\"widget\" data-widget_type=\"heading.default\">\n\t\t\t\t<div class=\"elementor-widget-container\">\n\t\t\t\t\t<p class=\"elementor-heading-title elementor-size-default\">Join us and collaborate in projects that brings change<\/p>\t\t\t\t<\/div>\n\t\t\t\t<\/div>\n\t\t\t\t\t<\/div>\n\t\t\t\t<\/div>\n\t\t<div class=\"elementor-element elementor-element-fb99c48 e-flex e-con-boxed e-con e-parent\" data-id=\"fb99c48\" data-element_type=\"container\" data-settings=\"{&quot;background_background&quot;:&quot;classic&quot;}\">\n\t\t\t\t\t<div class=\"e-con-inner\">\n\t\t<div data-dce-background-color=\"#F4F0EC\" class=\"elementor-element elementor-element-9a957fe e-flex e-con-boxed e-con e-child\" data-id=\"9a957fe\" data-element_type=\"container\" data-settings=\"{&quot;background_background&quot;:&quot;classic&quot;}\">\n\t\t\t\t\t<div class=\"e-con-inner\">\n\t\t\t\t<div class=\"elementor-element elementor-element-f2a1ce4 elementor-widget elementor-widget-heading\" data-id=\"f2a1ce4\" data-element_type=\"widget\" data-widget_type=\"heading.default\">\n\t\t\t\t<div class=\"elementor-widget-container\">\n\t\t\t\t\t<h2 class=\"elementor-heading-title elementor-size-default\">Contact with us<\/h2>\t\t\t\t<\/div>\n\t\t\t\t<\/div>\n\t\t\t\t<div class=\"elementor-element elementor-element-b780fc3 elementor-widget elementor-widget-heading\" data-id=\"b780fc3\" data-element_type=\"widget\" data-widget_type=\"heading.default\">\n\t\t\t\t<div class=\"elementor-widget-container\">\n\t\t\t\t\t<p class=\"elementor-heading-title elementor-size-default\">through this form<\/p>\t\t\t\t<\/div>\n\t\t\t\t<\/div>\n\t\t\t\t\t<\/div>\n\t\t\t\t<\/div>\n\t\t<div data-dce-background-color=\"#F4F0EC\" class=\"elementor-element elementor-element-a79cc16 e-flex e-con-boxed e-con e-child\" data-id=\"a79cc16\" data-element_type=\"container\" data-settings=\"{&quot;background_background&quot;:&quot;classic&quot;}\">\n\t\t\t\t\t<div class=\"e-con-inner\">\n\t\t\t\t<div class=\"elementor-element elementor-element-2f2d3bf elementor-button-align-stretch elementor-widget elementor-widget-form\" data-id=\"2f2d3bf\" data-element_type=\"widget\" data-settings=\"{&quot;step_next_label&quot;:&quot;Next&quot;,&quot;step_previous_label&quot;:&quot;Previous&quot;,&quot;button_width&quot;:&quot;100&quot;,&quot;dce_confirm_dialog_enabled&quot;:&quot;no&quot;,&quot;step_type&quot;:&quot;number_text&quot;,&quot;step_icon_shape&quot;:&quot;circle&quot;,&quot;label_icon_size&quot;:{&quot;unit&quot;:&quot;px&quot;,&quot;size&quot;:&quot;&quot;,&quot;sizes&quot;:[]},&quot;field_icon_size&quot;:{&quot;unit&quot;:&quot;px&quot;,&quot;size&quot;:&quot;&quot;,&quot;sizes&quot;:[]}}\" data-widget_type=\"form.default\">\n\t\t\t\t<div class=\"elementor-widget-container\">\n\t\t\t\t\t\t\t<form class=\"elementor-form\" method=\"post\" name=\"Formulario de contacto\" aria-label=\"Formulario de contacto\" action=\"\">\n\t\t\t<input type=\"hidden\" name=\"post_id\" value=\"21\"\/>\n\t\t\t<input type=\"hidden\" name=\"form_id\" value=\"2f2d3bf\"\/>\n\t\t\t<input type=\"hidden\" name=\"referer_title\" value=\"\u00danete - Asetaga\" \/>\n\n\t\t\t\t\t\t\t<input type=\"hidden\" name=\"queried_id\" value=\"21\"\/>\n\t\t\t\n\t\t\t<div class=\"elementor-form-fields-wrapper elementor-labels-above\">\n\t\t\t\t\t\t\t\t<div class=\"elementor-field-type-text elementor-field-group elementor-column elementor-field-group-nombre elementor-col-100 elementor-field-required elementor-mark-required\">\n\t\t\t\t\t\t\t\t\t\t\t\t<label for=\"form-field-nombre\" class=\"elementor-field-label\">\n\t\t\t\t\t\t\t\tName\t\t\t\t\t\t\t<\/label>\n\t\t\t\t\t\t\t\t\t\t\t\t\t\t<input size=\"1\" type=\"text\" name=\"form_fields[nombre]\" id=\"form-field-nombre\" class=\"elementor-field elementor-size-sm  elementor-field-textual\" required=\"required\">\n\t\t\t\t\t\t\t\t\t\t\t<\/div>\n\t\t\t\t\t\t\t\t<div class=\"elementor-field-type-email elementor-field-group elementor-column elementor-field-group-email elementor-col-50 elementor-field-required elementor-mark-required\">\n\t\t\t\t\t\t\t\t\t\t\t\t<label for=\"form-field-email\" class=\"elementor-field-label\">\n\t\t\t\t\t\t\t\tEmail\t\t\t\t\t\t\t<\/label>\n\t\t\t\t\t\t\t\t\t\t\t\t\t\t<input size=\"1\" type=\"email\" name=\"form_fields[email]\" id=\"form-field-email\" class=\"elementor-field elementor-size-sm  elementor-field-textual\" required=\"required\">\n\t\t\t\t\t\t\t\t\t\t\t<\/div>\n\t\t\t\t\t\t\t\t<div class=\"elementor-field-type-tel elementor-field-group elementor-column elementor-field-group-apellidos elementor-col-50\">\n\t\t\t\t\t\t\t\t\t\t\t\t<label for=\"form-field-apellidos\" class=\"elementor-field-label\">\n\t\t\t\t\t\t\t\tPhone\t\t\t\t\t\t\t<\/label>\n\t\t\t\t\t\t\t\t<input size=\"1\" type=\"tel\" name=\"form_fields[apellidos]\" id=\"form-field-apellidos\" class=\"elementor-field elementor-size-sm  elementor-field-textual\" pattern=\"[0-9()#&amp;+*-=.]+\" title=\"Only numbers and phone characters (#, -, *, etc) are accepted.\">\n\n\t\t\t\t\t\t<\/div>\n\t\t\t\t\t\t\t\t<div class=\"elementor-field-type-textarea elementor-field-group elementor-column elementor-field-group-mensaje elementor-col-100 elementor-field-required elementor-mark-required\">\n\t\t\t\t\t\t\t\t\t\t\t\t<label for=\"form-field-mensaje\" class=\"elementor-field-label\">\n\t\t\t\t\t\t\t\tMessage\t\t\t\t\t\t\t<\/label>\n\t\t\t\t\t\t<textarea class=\"elementor-field-textual elementor-field  elementor-size-sm\" name=\"form_fields[mensaje]\" id=\"form-field-mensaje\" rows=\"4\" required=\"required\"><\/textarea>\t\t\t\t<\/div>\n\t\t\t\t\t\t\t\t<div class=\"elementor-field-type-recaptcha_v3 elementor-field-group elementor-column elementor-field-group-field_281b3fd elementor-col-100 recaptcha_v3-bottomright\">\n\t\t\t\t\t<div class=\"elementor-field\" id=\"form-field-field_281b3fd\"><div class=\"elementor-g-recaptcha\" data-sitekey=\"6LdMmHsqAAAAABlPLRnYoC0brmRXTBfbB2kLgflW\" data-type=\"v3\" data-action=\"Form\" data-badge=\"bottomright\" data-size=\"invisible\"><\/div><\/div>\t\t\t\t<\/div>\n\t\t\t\t\t\t\t\t<div class=\"elementor-field-group elementor-column elementor-field-type-submit elementor-col-100 e-form__buttons\">\n\t\t\t\t\t<button class=\"elementor-button elementor-size-sm\" type=\"submit\">\n\t\t\t\t\t\t<span class=\"elementor-button-content-wrapper\">\n\t\t\t\t\t\t\t\t\t\t\t\t\t\t\t\t\t\t\t\t\t\t<span class=\"elementor-button-text\">Send<\/span>\n\t\t\t\t\t\t\t\t\t\t\t\t\t<\/span>\n\t\t\t\t\t<\/button>\n\t\t\t\t<\/div>\n\t\t\t<\/div>\n\t\t<input type=\"hidden\" name=\"trp-form-language\" value=\"en\"\/><\/form>\n\t\t\t\t\t\t<\/div>\n\t\t\t\t<\/div>\n\t\t\t\t\t<\/div>\n\t\t\t\t<\/div>\n\t\t\t\t\t<\/div>\n\t\t\t\t<\/div>\n\t\t<div class=\"elementor-element elementor-element-01b3255 e-flex e-con-boxed e-con e-parent\" data-id=\"01b3255\" data-element_type=\"container\">\n\t\t\t\t\t<div class=\"e-con-inner\">\n\t\t<div data-dce-background-color=\"#EFF4EC\" class=\"elementor-element elementor-element-6bb67ef e-con-full e-flex e-con e-child\" data-id=\"6bb67ef\" data-element_type=\"container\" data-settings=\"{&quot;background_background&quot;:&quot;classic&quot;}\">\n\t\t\t\t<div class=\"elementor-element elementor-element-330e64f elementor-widget elementor-widget-heading\" data-id=\"330e64f\" data-element_type=\"widget\" data-widget_type=\"heading.default\">\n\t\t\t\t<div class=\"elementor-widget-container\">\n\t\t\t\t\t<h2 class=\"elementor-heading-title elementor-size-default\">Our locations<\/h2>\t\t\t\t<\/div>\n\t\t\t\t<\/div>\n\t\t<div class=\"elementor-element elementor-element-11228cc e-flex e-con-boxed e-con e-child\" data-id=\"11228cc\" data-element_type=\"container\">\n\t\t\t\t\t<div class=\"e-con-inner\">\n\t\t<div data-dce-background-color=\"#FFFFFF\" class=\"elementor-element elementor-element-89b0eb3 e-con-full e-flex e-con e-child\" data-id=\"89b0eb3\" data-element_type=\"container\" data-settings=\"{&quot;background_background&quot;:&quot;classic&quot;}\">\n\t\t\t\t<div class=\"elementor-element elementor-element-ba8ce80 elementor-widget elementor-widget-heading\" data-id=\"ba8ce80\" data-element_type=\"widget\" data-widget_type=\"heading.default\">\n\t\t\t\t<div class=\"elementor-widget-container\">\n\t\t\t\t\t<h3 class=\"elementor-heading-title elementor-size-default\">Madrid Delegation<\/h3>\t\t\t\t<\/div>\n\t\t\t\t<\/div>\n\t\t\t\t<div class=\"elementor-element elementor-element-d63945c elementor-widget elementor-widget-text-editor\" data-id=\"d63945c\" data-element_type=\"widget\" data-widget_type=\"text-editor.default\">\n\t\t\t\t<div class=\"elementor-widget-container\">\n\t\t\t\t\t\t\t\t\t<p>Pr\u00edncipe de Vergara 5 &#8211; Entreplanta derecha<\/p><p>28003 &#8211; Madrid<\/p><p>Comunidad de Madrid<\/p>\t\t\t\t\t\t\t\t<\/div>\n\t\t\t\t<\/div>\n\t\t\t\t<div class=\"elementor-element elementor-element-e992fac elementor-widget elementor-widget-google_maps\" data-id=\"e992fac\" data-element_type=\"widget\" data-widget_type=\"google_maps.default\">\n\t\t\t\t<div class=\"elementor-widget-container\">\n\t\t\t\t\t\t\t<div class=\"elementor-custom-embed\">\n\t\t\t<iframe loading=\"lazy\"\n\t\t\t\t\tsrc=\"https:\/\/maps.google.com\/maps?q=C%2F%20Pr%C3%ADncipe%20de%20Vergara%205%20Entreplanta%20derecha.%2028003%20%E2%80%93%20Madrid&#038;t=m&#038;z=15&#038;output=embed&#038;iwloc=near\"\n\t\t\t\t\ttitle=\"C\/ Pr\u00edncipe de Vergara 5 Entreplanta derecha. 28003 \u2013 Madrid\"\n\t\t\t\t\taria-label=\"C\/ Pr\u00edncipe de Vergara 5 Entreplanta derecha. 28003 \u2013 Madrid\"\n\t\t\t><\/iframe>\n\t\t<\/div>\n\t\t\t\t\t\t<\/div>\n\t\t\t\t<\/div>\n\t\t\t\t<\/div>\n\t\t<div data-dce-background-color=\"#FFFFFF\" class=\"elementor-element elementor-element-d91a330 e-flex e-con-boxed e-con e-child\" data-id=\"d91a330\" data-element_type=\"container\" data-settings=\"{&quot;background_background&quot;:&quot;classic&quot;}\">\n\t\t\t\t\t<div class=\"e-con-inner\">\n\t\t\t\t<div class=\"elementor-element elementor-element-9edf6dd elementor-widget elementor-widget-heading\" data-id=\"9edf6dd\" data-element_type=\"widget\" data-widget_type=\"heading.default\">\n\t\t\t\t<div class=\"elementor-widget-container\">\n\t\t\t\t\t<h3 class=\"elementor-heading-title elementor-size-default\">Albacete Delegation<\/h3>\t\t\t\t<\/div>\n\t\t\t\t<\/div>\n\t\t\t\t<div class=\"elementor-element elementor-element-11359f5 elementor-widget elementor-widget-text-editor\" data-id=\"11359f5\" data-element_type=\"widget\" data-widget_type=\"text-editor.default\">\n\t\t\t\t<div class=\"elementor-widget-container\">\n\t\t\t\t\t\t\t\t\t<p>Dionisio Guardiola, 15 &#8211;\u00a0 Entreplanta 2 B<\/p><p>\u00a002003 &#8211; Albacete<\/p><p>Castilla La-Mancha<\/p>\t\t\t\t\t\t\t\t<\/div>\n\t\t\t\t<\/div>\n\t\t\t\t<div class=\"elementor-element elementor-element-7fc9a45 elementor-widget elementor-widget-google_maps\" data-id=\"7fc9a45\" data-element_type=\"widget\" data-widget_type=\"google_maps.default\">\n\t\t\t\t<div class=\"elementor-widget-container\">\n\t\t\t\t\t\t\t<div class=\"elementor-custom-embed\">\n\t\t\t<iframe loading=\"lazy\"\n\t\t\t\t\tsrc=\"https:\/\/maps.google.com\/maps?q=C%2F%20Dionisio%20Guardiola%2C%2015.%20Entreplanta%202%20B.%2002003%20-%20Albacete&#038;t=m&#038;z=15&#038;output=embed&#038;iwloc=near\"\n\t\t\t\t\ttitle=\"C\/ Dionisio Guardiola, 15. Entreplanta 2 B. 02003 - Albacete\"\n\t\t\t\t\taria-label=\"C\/ Dionisio Guardiola, 15. Entreplanta 2 B. 02003 - Albacete\"\n\t\t\t><\/iframe>\n\t\t<\/div>\n\t\t\t\t\t\t<\/div>\n\t\t\t\t<\/div>\n\t\t\t\t\t<\/div>\n\t\t\t\t<\/div>\n\t\t\t\t\t<\/div>\n\t\t\t\t<\/div>\n\t\t\t\t<\/div>\n\t\t\t\t\t<\/div>\n\t\t\t\t<\/div>\n\t\t\t\t<\/div>","protected":false},"excerpt":{"rendered":"<p>\u00danete As\u00f3ciate y colabora en proyectos que generan cambio Contacta con nosotros a trav\u00e9s de este formulario Nuestras Sedes Delegaci\u00f3n Madrid Pr\u00edncipe de Vergara 5 &#8211; Entreplanta derecha 28003 &#8211; Madrid Comunidad de Madrid Delegaci\u00f3n Albacete Dionisio Guardiola, 15 &#8211;\u00a0 Entreplanta 2 B \u00a002003 &#8211; Albacete Castilla La-Mancha<\/p>","protected":false},"author":1,"featured_media":0,"parent":0,"menu_order":0,"comment_status":"closed","ping_status":"closed","template":"","meta":{"_acf_changed":false,"footnotes":""},"class_list":["post-21","page","type-page","status-publish","hentry"],"acf":[],"yoast_head":"<!-- This site is optimized with the Yoast SEO plugin v26.4 - https:\/\/yoast.com\/wordpress\/plugins\/seo\/ -->\n<title>\u00danete - Asetaga<\/title>\n<meta name=\"description\" content=\"\u00danete a Asetaga y colabora en proyectos de innovaci\u00f3n agroalimentaria con impacto positivo y desarrollo sostenible.\" \/>\n<meta name=\"robots\" content=\"index, follow, max-snippet:-1, max-image-preview:large, max-video-preview:-1\" \/>\n<link rel=\"canonical\" href=\"https:\/\/asetaga.com\/en\/unete\/\" \/>\n<meta property=\"og:locale\" content=\"en_US\" \/>\n<meta property=\"og:type\" content=\"article\" \/>\n<meta property=\"og:title\" content=\"\u00danete - Asetaga\" \/>\n<meta property=\"og:description\" content=\"\u00danete a Asetaga y colabora en proyectos de innovaci\u00f3n agroalimentaria con impacto positivo y desarrollo sostenible.\" \/>\n<meta property=\"og:url\" content=\"https:\/\/asetaga.com\/en\/unete\/\" \/>\n<meta property=\"og:site_name\" content=\"Asetaga\" \/>\n<meta property=\"article:publisher\" content=\"https:\/\/www.facebook.com\/profile.php?id=61567276178846\" \/>\n<meta property=\"article:modified_time\" content=\"2024-11-12T17:25:24+00:00\" \/>\n<meta property=\"og:image\" content=\"https:\/\/asetaga.com\/wp-content\/uploads\/2024\/10\/Asetaga-logo.png\" \/>\n\t<meta property=\"og:image:width\" content=\"500\" \/>\n\t<meta property=\"og:image:height\" content=\"104\" \/>\n\t<meta property=\"og:image:type\" content=\"image\/png\" \/>\n<meta name=\"twitter:card\" content=\"summary_large_image\" \/>\n<meta name=\"twitter:label1\" content=\"Est. reading time\" \/>\n\t<meta name=\"twitter:data1\" content=\"1 minute\" \/>\n<script type=\"application\/ld+json\" class=\"yoast-schema-graph\">{\"@context\":\"https:\/\/schema.org\",\"@graph\":[{\"@type\":\"WebPage\",\"@id\":\"https:\/\/asetaga.com\/unete\/\",\"url\":\"https:\/\/asetaga.com\/unete\/\",\"name\":\"\u00danete - Asetaga\",\"isPartOf\":{\"@id\":\"https:\/\/asetaga.com\/#website\"},\"datePublished\":\"2024-05-23T10:15:24+00:00\",\"dateModified\":\"2024-11-12T17:25:24+00:00\",\"description\":\"\u00danete a Asetaga y colabora en proyectos de innovaci\u00f3n agroalimentaria con impacto positivo y desarrollo sostenible.\",\"breadcrumb\":{\"@id\":\"https:\/\/asetaga.com\/unete\/#breadcrumb\"},\"inLanguage\":\"en-US\",\"potentialAction\":[{\"@type\":\"ReadAction\",\"target\":[\"https:\/\/asetaga.com\/unete\/\"]}]},{\"@type\":\"BreadcrumbList\",\"@id\":\"https:\/\/asetaga.com\/unete\/#breadcrumb\",\"itemListElement\":[{\"@type\":\"ListItem\",\"position\":1,\"name\":\"Inicio\",\"item\":\"https:\/\/asetaga.com\/\"},{\"@type\":\"ListItem\",\"position\":2,\"name\":\"\u00danete\"}]},{\"@type\":\"WebSite\",\"@id\":\"https:\/\/asetaga.com\/#website\",\"url\":\"https:\/\/asetaga.com\/\",\"name\":\"Asetaga\",\"description\":\"Asociaci\u00f3n Espa\u00f1ola para la Transferencia T\u00e9cnica, Tecnol\u00f3gica y Organizativa en la Agricultura y la Ganader\u00eda\",\"publisher\":{\"@id\":\"https:\/\/asetaga.com\/#organization\"},\"alternateName\":\"Asetaga\",\"potentialAction\":[{\"@type\":\"SearchAction\",\"target\":{\"@type\":\"EntryPoint\",\"urlTemplate\":\"https:\/\/asetaga.com\/?s={search_term_string}\"},\"query-input\":{\"@type\":\"PropertyValueSpecification\",\"valueRequired\":true,\"valueName\":\"search_term_string\"}}],\"inLanguage\":\"en-US\"},{\"@type\":\"Organization\",\"@id\":\"https:\/\/asetaga.com\/#organization\",\"name\":\"Asetaga\",\"alternateName\":\"Asetaga\",\"url\":\"https:\/\/asetaga.com\/\",\"logo\":{\"@type\":\"ImageObject\",\"inLanguage\":\"en-US\",\"@id\":\"https:\/\/asetaga.com\/#\/schema\/logo\/image\/\",\"url\":\"https:\/\/asetaga.com\/wp-content\/uploads\/2024\/10\/Asetaga-logo.png\",\"contentUrl\":\"https:\/\/asetaga.com\/wp-content\/uploads\/2024\/10\/Asetaga-logo.png\",\"width\":500,\"height\":104,\"caption\":\"Asetaga\"},\"image\":{\"@id\":\"https:\/\/asetaga.com\/#\/schema\/logo\/image\/\"},\"sameAs\":[\"https:\/\/www.facebook.com\/profile.php?id=61567276178846\",\"https:\/\/www.instagram.com\/asetaga_oficial\/\"]}]}<\/script>\n<!-- \/ Yoast SEO plugin. -->","yoast_head_json":{"title":"\u00danete - Asetaga","description":"\u00danete a Asetaga y colabora en proyectos de innovaci\u00f3n agroalimentaria con impacto positivo y desarrollo sostenible.","robots":{"index":"index","follow":"follow","max-snippet":"max-snippet:-1","max-image-preview":"max-image-preview:large","max-video-preview":"max-video-preview:-1"},"canonical":"https:\/\/asetaga.com\/en\/unete\/","og_locale":"en_US","og_type":"article","og_title":"\u00danete - Asetaga","og_description":"\u00danete a Asetaga y colabora en proyectos de innovaci\u00f3n agroalimentaria con impacto positivo y desarrollo sostenible.","og_url":"https:\/\/asetaga.com\/en\/unete\/","og_site_name":"Asetaga","article_publisher":"https:\/\/www.facebook.com\/profile.php?id=61567276178846","article_modified_time":"2024-11-12T17:25:24+00:00","og_image":[{"width":500,"height":104,"url":"https:\/\/asetaga.com\/wp-content\/uploads\/2024\/10\/Asetaga-logo.png","type":"image\/png"}],"twitter_card":"summary_large_image","twitter_misc":{"Est. reading time":"1 minute"},"schema":{"@context":"https:\/\/schema.org","@graph":[{"@type":"WebPage","@id":"https:\/\/asetaga.com\/unete\/","url":"https:\/\/asetaga.com\/unete\/","name":"\u00danete - Asetaga","isPartOf":{"@id":"https:\/\/asetaga.com\/#website"},"datePublished":"2024-05-23T10:15:24+00:00","dateModified":"2024-11-12T17:25:24+00:00","description":"\u00danete a Asetaga y colabora en proyectos de innovaci\u00f3n agroalimentaria con impacto positivo y desarrollo sostenible.","breadcrumb":{"@id":"https:\/\/asetaga.com\/unete\/#breadcrumb"},"inLanguage":"en-US","potentialAction":[{"@type":"ReadAction","target":["https:\/\/asetaga.com\/unete\/"]}]},{"@type":"BreadcrumbList","@id":"https:\/\/asetaga.com\/unete\/#breadcrumb","itemListElement":[{"@type":"ListItem","position":1,"name":"Inicio","item":"https:\/\/asetaga.com\/"},{"@type":"ListItem","position":2,"name":"\u00danete"}]},{"@type":"WebSite","@id":"https:\/\/asetaga.com\/#website","url":"https:\/\/asetaga.com\/","name":"Asetaga","description":"Asociaci\u00f3n Espa\u00f1ola para la Transferencia T\u00e9cnica, Tecnol\u00f3gica y Organizativa en la Agricultura y la Ganader\u00eda","publisher":{"@id":"https:\/\/asetaga.com\/#organization"},"alternateName":"Asetaga","potentialAction":[{"@type":"SearchAction","target":{"@type":"EntryPoint","urlTemplate":"https:\/\/asetaga.com\/?s={search_term_string}"},"query-input":{"@type":"PropertyValueSpecification","valueRequired":true,"valueName":"search_term_string"}}],"inLanguage":"en-US"},{"@type":"Organization","@id":"https:\/\/asetaga.com\/#organization","name":"Asetaga","alternateName":"Asetaga","url":"https:\/\/asetaga.com\/","logo":{"@type":"ImageObject","inLanguage":"en-US","@id":"https:\/\/asetaga.com\/#\/schema\/logo\/image\/","url":"https:\/\/asetaga.com\/wp-content\/uploads\/2024\/10\/Asetaga-logo.png","contentUrl":"https:\/\/asetaga.com\/wp-content\/uploads\/2024\/10\/Asetaga-logo.png","width":500,"height":104,"caption":"Asetaga"},"image":{"@id":"https:\/\/asetaga.com\/#\/schema\/logo\/image\/"},"sameAs":["https:\/\/www.facebook.com\/profile.php?id=61567276178846","https:\/\/www.instagram.com\/asetaga_oficial\/"]}]}},"_links":{"self":[{"href":"https:\/\/asetaga.com\/en\/wp-json\/wp\/v2\/pages\/21","targetHints":{"allow":["GET"]}}],"collection":[{"href":"https:\/\/asetaga.com\/en\/wp-json\/wp\/v2\/pages"}],"about":[{"href":"https:\/\/asetaga.com\/en\/wp-json\/wp\/v2\/types\/page"}],"author":[{"embeddable":true,"href":"https:\/\/asetaga.com\/en\/wp-json\/wp\/v2\/users\/1"}],"replies":[{"embeddable":true,"href":"https:\/\/asetaga.com\/en\/wp-json\/wp\/v2\/comments?post=21"}],"version-history":[{"count":67,"href":"https:\/\/asetaga.com\/en\/wp-json\/wp\/v2\/pages\/21\/revisions"}],"predecessor-version":[{"id":1964,"href":"https:\/\/asetaga.com\/en\/wp-json\/wp\/v2\/pages\/21\/revisions\/1964"}],"wp:attachment":[{"href":"https:\/\/asetaga.com\/en\/wp-json\/wp\/v2\/media?parent=21"}],"curies":[{"name":"wp","href":"https:\/\/api.w.org\/{rel}","templated":true}]}}