{"id":3,"date":"2024-05-22T14:22:33","date_gmt":"2024-05-22T12:22:33","guid":{"rendered":"https:\/\/asetaga.web.oondeo.es\/?page_id=3"},"modified":"2024-11-12T18:13:12","modified_gmt":"2024-11-12T17:13:12","slug":"politica-de-privacidad","status":"publish","type":"page","link":"https:\/\/asetaga.com\/en\/politica-de-privacidad\/","title":{"rendered":"Privacy policy"},"content":{"rendered":"<div data-elementor-type=\"wp-page\" data-elementor-id=\"3\" class=\"elementor elementor-3\" data-elementor-post-type=\"page\">\n\t\t\t\t<div class=\"elementor-element elementor-element-42ea0464 e-flex e-con-boxed e-con e-parent\" data-id=\"42ea0464\" data-element_type=\"container\">\n\t\t\t\t\t<div class=\"e-con-inner\">\n\t\t\t\t<div class=\"elementor-element elementor-element-66dc6458 elementor-widget elementor-widget-text-editor\" data-id=\"66dc6458\" data-element_type=\"widget\" data-widget_type=\"text-editor.default\">\n\t\t\t\t<div class=\"elementor-widget-container\">\n\t\t\t\t\t\t\t\t\t\n<h2 class=\"wp-block-heading\"><\/h2>\n\n\n\n<p>De acuerdo a lo dispuesto en el Reglamento General de Protecci\u00f3n de Datos, (RGPD (UE) 2016\/679) aplicable a partir del 25 de mayo de 2018, se informa como Responsable del Tratamiento de los Datos de Car\u00e1cter Personal que usted pueda facilitar de forma voluntaria a trav\u00e9s de esta web, que estos ser\u00e1n tratados respetando en todo momento la legalidad vigente.<\/p>\n\n\n\n<h2 class=\"wp-block-heading\">Informaci\u00f3n y consentimiento<\/h2>\n\n\n\n<p>Mediante la lectura de la presente Pol\u00edtica de Privacidad, el Usuario queda informado sobre la forma en que se recaba, trata y protege los datos de car\u00e1cter personal que le son facilitados a trav\u00e9s del sitio web, as\u00ed como los propios de su conexi\u00f3n y navegaci\u00f3n a trav\u00e9s de \u00e9l. Y aquellos otros datos que pueda facilitar en un futuro a trav\u00e9s de cualquier contrato de prestaci\u00f3n de servicios que celebre con dicha empresa. El Usuario debe leer con atenci\u00f3n esta Pol\u00edtica de Privacidad, que ha sido redactada de forma clara y sencilla, para facilitar su comprensi\u00f3n, y determinar libre y voluntariamente si desea facilitar sus datos personales o los de terceros.<\/p>\n\n\n\n<h2 class=\"wp-block-heading\">Obligatoriedad de facilitar los datos<\/h2>\n\n\n\n<p>Los datos solicitados en los formularios accesibles son con car\u00e1cter general, obligatorios (salvo que en el campo requerido se especifique lo contrario) para cumplir con las finalidades establecidas. Por lo tanto, si no se facilitan los mismos, o no se registran correctamente, no podr\u00e1n atenderse las solicitudes realizadas a trav\u00e9s de dichos formularios.<\/p>\n\n\n\n<h2 class=\"wp-block-heading\">\u00bfCon qu\u00e9 finalidad se tratan los datos personales del usuario y durante cu\u00e1nto tiempo?<\/h2>\n\n\n\n<p>En funci\u00f3n de las solicitudes del Usuario, los datos personales recabados ser\u00e1n tratados conforme a las siguientes finalidades:<\/p>\n\n\n\n<ul class=\"wp-block-list\">\n<li>Gestionar las solicitudes de servicios dirigidas por el Usuario.<\/li>\n\n\n\n<li>Gestionar la suscripci\u00f3n a la newsletter y posterior remisi\u00f3n de la misma.<\/li>\n\n\n\n<li>Gestionar el env\u00edo de comunicaciones comerciales personalizadas, por medios electr\u00f3nicos y\/o convencionales, salvo que el Usuario indique lo contrario marcando la casilla correspondiente, o muestre su oposici\u00f3n a dicho tratamiento.<\/li>\n\n\n\n<li>Gestionar la prestaci\u00f3n de los servicios contratados, as\u00ed como de cualesquiera servicios adicionales a este.<\/li>\n\n\n\n<li>Gestionar la realizaci\u00f3n de encuestas y\/o evaluaciones relativas a la calidad de los servicios prestados y\/o a la percepci\u00f3n de su imagen como compa\u00f1\u00eda.<\/li>\n<\/ul>\n\n\n\n<p>Los datos del Usuario ser\u00e1n conservados durante el plazo necesario para el cumplimiento de cada finalidad o hasta que el Usuario solicite su baja, se oponga o revoque su consentimiento.<\/p>\n\n\n\n<h2 class=\"wp-block-heading\">Responsabilidad del usuario<\/h2>\n\n\n\n<p><strong>El Usuario<\/strong>:<\/p>\n\n\n\n<ul class=\"wp-block-list\">\n<li>Garantiza que es mayor de edad o emancipado legalmente en su caso, plenamente capaz, y que los datos que facilita son verdaderos, exactos, completos y actualizados. A estos efectos, el Usuario responde de la veracidad de todos los datos que comunique y mantendr\u00e1 convenientemente actualizada la informaci\u00f3n facilitada, de tal forma que responda a su situaci\u00f3n real.<\/li>\n\n\n\n<li>Garantiza que ha informado a los terceros de los que facilite sus datos, en caso de hacerlo, de los aspectos contenidos en este documento. Asimismo, garantiza que ha obtenido su autorizaci\u00f3n para facilitar sus datos para los fines se\u00f1alados.<\/li>\n<\/ul>\n\n\n\n<p>Ser\u00e1 responsable de las informaciones falsas o inexactas que proporcione a trav\u00e9s del Sitio Web y de los da\u00f1os y perjuicios, directos o indirectos, que ello cause a nuestra compa\u00f1\u00eda o a terceros.<\/p>\n\n\n\n<h2 class=\"wp-block-heading\">Comunicaciones comerciales y promocionales<\/h2>\n\n\n\n<p>Una de las finalidades del tratamiento de los datos del Usuario ser\u00e1 para el env\u00edo de comunicaciones comerciales, por medios electr\u00f3nicos y\/o convencionales, con informaci\u00f3n relativa a los productos y servicios que comercializa, a promociones y ofertas, o con noticias relevantes para el Usuario. Siempre que se realice alguna comunicaci\u00f3n de este tipo, ser\u00e1 dirigida \u00fanica y exclusivamente a aquellos Usuarios que hubieran autorizado expresamente su recepci\u00f3n. Para llevar a cabo la labor anterior, se podr\u00e1 analizar los datos obtenidos, a fin de elaborar perfiles de Usuario que permitan definir con mayor detalle los productos que puedan resultar de su inter\u00e9s. En caso de que el Usuario desee dejar de recibir comunicaciones comerciales o promocionales puede solicitar la baja del servicio enviando a la direcci\u00f3n que aparece en el encabezamiento de la presente pol\u00edtica indicando su negativa a la recepci\u00f3n de las mismas.<\/p>\n\n\n\n<h2 class=\"wp-block-heading\">Datos de geolocalizaci\u00f3n<\/h2>\n\n\n\n<p>Algunas de las funcionalidades del Sitio Web permiten la geolocalizaci\u00f3n del dispositivo desde el que se acceda: Tablet, smartphone, etc. El Usuario podr\u00e1 deshabilitar est\u00e1 opci\u00f3n directamente en el propio dispositivo, sin embargo, la desactivaci\u00f3n de esta opci\u00f3n podr\u00e1 impedir el uso de algunas de las funcionalidades del Sitio Web.<\/p>\n\n\n\n<h2 class=\"wp-block-heading\">Ejercicios de derechos<\/h2>\n\n\n\n<p>En cumplimiento de los dispuesto en el Reglamento del Parlamento Europeo relativo a la protecci\u00f3n de las personas f\u00edsicas y en la Ley Org\u00e1nica de Protecci\u00f3n de Datos Personales y Garant\u00eda de los Derechos Digitales, ponemos a disposici\u00f3n el ejercicio de los derechos de acceso, rectificaci\u00f3n, limitaci\u00f3n del tratamiento, portabilidad y oposici\u00f3n. Las formas de ejercicio de los citados derechos son las siguientes:<\/p>\n\n\n\n<ul class=\"wp-block-list\">\n<li>Por medio de un escrito dirigido a la direcci\u00f3n postal que aparece en el encabezamiento de la presente pol\u00edtica.<\/li>\n\n\n\n<li>Por medio de un correo electr\u00f3nico a la direcci\u00f3n que aparece en el encabezamiento de la presente pol\u00edtica.<\/li>\n<\/ul>\n\n\n\n<p>En ambos casos, con la Referencia \u201cProtecci\u00f3n de Datos\u201d,debe adjuntar fotocopia de su documento de identidad o pasaporte en vigor que acredite la identidad del solicitante. Estos derechos pueden ejercerse directamente o por medio de representante y su ejercicio tiene car\u00e1cter gratuito salvo que las solicitudes presentadas sean manifiestamente infundadas o excesivas, en cuyo caso se podr\u00e1 cobrar un canon proporcional a los costes administrativos soportados o negarse a actuar.<\/p>\n\n\n\n<ul class=\"wp-block-list\">\n<li>Derecho de Acceso<\/li>\n\n\n\n<li>Derecho de Rectificaci\u00f3n<\/li>\n\n\n\n<li>Derecho de Supresi\u00f3n<\/li>\n\n\n\n<li>Derecho de Limitaci\u00f3n del Tratamiento<\/li>\n\n\n\n<li>Derecho a la Portabilidad<\/li>\n\n\n\n<li>Derecho de Oposici\u00f3n<\/li>\n<\/ul>\n\n\n\n<h2 class=\"wp-block-heading\">Medidas de seguridad<\/h2>\n\n\n\n<p>Se tratar\u00e1 los datos del Usuario en todo momento de forma absolutamente confidencial y guardando el preceptivo deber de secreto respecto de los mismos, de conformidad con lo previsto en la normativa de aplicaci\u00f3n, adoptando al efecto las medidas de \u00edndole t\u00e9cnica y organizativas necesarias que garanticen la seguridad de sus datos y eviten su alteraci\u00f3n, p\u00e9rdida, tratamiento o acceso no autorizado, habida cuenta del estado de la tecnolog\u00eda, la naturaleza de los datos almacenados y los riesgos a que est\u00e1n expuestos.<\/p>\n\t\t\t\t\t\t\t\t<\/div>\n\t\t\t\t<\/div>\n\t\t\t\t\t<\/div>\n\t\t\t\t<\/div>\n\t\t\t\t<\/div>","protected":false},"excerpt":{"rendered":"<p>De acuerdo a lo dispuesto en el Reglamento General de Protecci\u00f3n de Datos, (RGPD (UE) 2016\/679) aplicable a partir del 25 de mayo de 2018, se informa como Responsable del Tratamiento de los Datos de Car\u00e1cter Personal que usted pueda facilitar de forma voluntaria a trav\u00e9s de esta web, que estos ser\u00e1n tratados respetando en [&hellip;]<\/p>","protected":false},"author":1,"featured_media":0,"parent":0,"menu_order":0,"comment_status":"closed","ping_status":"closed","template":"","meta":{"_acf_changed":false,"footnotes":""},"class_list":["post-3","page","type-page","status-publish","hentry"],"acf":[],"yoast_head":"<!-- This site is optimized with the Yoast SEO plugin v26.4 - https:\/\/yoast.com\/wordpress\/plugins\/seo\/ -->\n<title>Pol\u00edtica de privacidad - Asetaga<\/title>\n<meta name=\"description\" content=\"Asociaci\u00f3n que impulsa soluciones innovadoras en el sector agroalimentario, integrando investigaci\u00f3n y desarrollo para un impacto sostenible.\" \/>\n<meta name=\"robots\" content=\"index, follow, max-snippet:-1, max-image-preview:large, max-video-preview:-1\" \/>\n<link rel=\"canonical\" href=\"https:\/\/asetaga.com\/en\/politica-de-privacidad\/\" \/>\n<meta property=\"og:locale\" content=\"en_US\" \/>\n<meta property=\"og:type\" content=\"article\" \/>\n<meta property=\"og:title\" content=\"Pol\u00edtica de privacidad - Asetaga\" \/>\n<meta property=\"og:description\" content=\"Asociaci\u00f3n que impulsa soluciones innovadoras en el sector agroalimentario, integrando investigaci\u00f3n y desarrollo para un impacto sostenible.\" \/>\n<meta property=\"og:url\" content=\"https:\/\/asetaga.com\/en\/politica-de-privacidad\/\" \/>\n<meta property=\"og:site_name\" content=\"Asetaga\" \/>\n<meta property=\"article:publisher\" content=\"https:\/\/www.facebook.com\/profile.php?id=61567276178846\" \/>\n<meta property=\"article:modified_time\" content=\"2024-11-12T17:13:12+00:00\" \/>\n<meta property=\"og:image\" content=\"https:\/\/asetaga.com\/wp-content\/uploads\/2024\/10\/Asetaga-logo.png\" \/>\n\t<meta property=\"og:image:width\" content=\"500\" \/>\n\t<meta property=\"og:image:height\" content=\"104\" \/>\n\t<meta property=\"og:image:type\" content=\"image\/png\" \/>\n<meta name=\"twitter:card\" content=\"summary_large_image\" \/>\n<meta name=\"twitter:label1\" content=\"Est. reading time\" \/>\n\t<meta name=\"twitter:data1\" content=\"5 minutes\" \/>\n<script type=\"application\/ld+json\" class=\"yoast-schema-graph\">{\"@context\":\"https:\/\/schema.org\",\"@graph\":[{\"@type\":\"WebPage\",\"@id\":\"https:\/\/asetaga.com\/politica-de-privacidad\/\",\"url\":\"https:\/\/asetaga.com\/politica-de-privacidad\/\",\"name\":\"Pol\u00edtica de privacidad - Asetaga\",\"isPartOf\":{\"@id\":\"https:\/\/asetaga.com\/#website\"},\"datePublished\":\"2024-05-22T12:22:33+00:00\",\"dateModified\":\"2024-11-12T17:13:12+00:00\",\"description\":\"Asociaci\u00f3n que impulsa soluciones innovadoras en el sector agroalimentario, integrando investigaci\u00f3n y desarrollo para un impacto sostenible.\",\"breadcrumb\":{\"@id\":\"https:\/\/asetaga.com\/politica-de-privacidad\/#breadcrumb\"},\"inLanguage\":\"en-US\",\"potentialAction\":[{\"@type\":\"ReadAction\",\"target\":[\"https:\/\/asetaga.com\/politica-de-privacidad\/\"]}]},{\"@type\":\"BreadcrumbList\",\"@id\":\"https:\/\/asetaga.com\/politica-de-privacidad\/#breadcrumb\",\"itemListElement\":[{\"@type\":\"ListItem\",\"position\":1,\"name\":\"Inicio\",\"item\":\"https:\/\/asetaga.com\/\"},{\"@type\":\"ListItem\",\"position\":2,\"name\":\"Pol\u00edtica de privacidad\"}]},{\"@type\":\"WebSite\",\"@id\":\"https:\/\/asetaga.com\/#website\",\"url\":\"https:\/\/asetaga.com\/\",\"name\":\"Asetaga\",\"description\":\"Asociaci\u00f3n Espa\u00f1ola para la Transferencia T\u00e9cnica, Tecnol\u00f3gica y Organizativa en la Agricultura y la Ganader\u00eda\",\"publisher\":{\"@id\":\"https:\/\/asetaga.com\/#organization\"},\"alternateName\":\"Asetaga\",\"potentialAction\":[{\"@type\":\"SearchAction\",\"target\":{\"@type\":\"EntryPoint\",\"urlTemplate\":\"https:\/\/asetaga.com\/?s={search_term_string}\"},\"query-input\":{\"@type\":\"PropertyValueSpecification\",\"valueRequired\":true,\"valueName\":\"search_term_string\"}}],\"inLanguage\":\"en-US\"},{\"@type\":\"Organization\",\"@id\":\"https:\/\/asetaga.com\/#organization\",\"name\":\"Asetaga\",\"alternateName\":\"Asetaga\",\"url\":\"https:\/\/asetaga.com\/\",\"logo\":{\"@type\":\"ImageObject\",\"inLanguage\":\"en-US\",\"@id\":\"https:\/\/asetaga.com\/#\/schema\/logo\/image\/\",\"url\":\"https:\/\/asetaga.com\/wp-content\/uploads\/2024\/10\/Asetaga-logo.png\",\"contentUrl\":\"https:\/\/asetaga.com\/wp-content\/uploads\/2024\/10\/Asetaga-logo.png\",\"width\":500,\"height\":104,\"caption\":\"Asetaga\"},\"image\":{\"@id\":\"https:\/\/asetaga.com\/#\/schema\/logo\/image\/\"},\"sameAs\":[\"https:\/\/www.facebook.com\/profile.php?id=61567276178846\",\"https:\/\/www.instagram.com\/asetaga_oficial\/\"]}]}<\/script>\n<!-- \/ Yoast SEO plugin. -->","yoast_head_json":{"title":"Pol\u00edtica de privacidad - Asetaga","description":"Asociaci\u00f3n que impulsa soluciones innovadoras en el sector agroalimentario, integrando investigaci\u00f3n y desarrollo para un impacto sostenible.","robots":{"index":"index","follow":"follow","max-snippet":"max-snippet:-1","max-image-preview":"max-image-preview:large","max-video-preview":"max-video-preview:-1"},"canonical":"https:\/\/asetaga.com\/en\/politica-de-privacidad\/","og_locale":"en_US","og_type":"article","og_title":"Pol\u00edtica de privacidad - Asetaga","og_description":"Asociaci\u00f3n que impulsa soluciones innovadoras en el sector agroalimentario, integrando investigaci\u00f3n y desarrollo para un impacto sostenible.","og_url":"https:\/\/asetaga.com\/en\/politica-de-privacidad\/","og_site_name":"Asetaga","article_publisher":"https:\/\/www.facebook.com\/profile.php?id=61567276178846","article_modified_time":"2024-11-12T17:13:12+00:00","og_image":[{"width":500,"height":104,"url":"https:\/\/asetaga.com\/wp-content\/uploads\/2024\/10\/Asetaga-logo.png","type":"image\/png"}],"twitter_card":"summary_large_image","twitter_misc":{"Est. reading time":"5 minutes"},"schema":{"@context":"https:\/\/schema.org","@graph":[{"@type":"WebPage","@id":"https:\/\/asetaga.com\/politica-de-privacidad\/","url":"https:\/\/asetaga.com\/politica-de-privacidad\/","name":"Pol\u00edtica de privacidad - Asetaga","isPartOf":{"@id":"https:\/\/asetaga.com\/#website"},"datePublished":"2024-05-22T12:22:33+00:00","dateModified":"2024-11-12T17:13:12+00:00","description":"Asociaci\u00f3n que impulsa soluciones innovadoras en el sector agroalimentario, integrando investigaci\u00f3n y desarrollo para un impacto sostenible.","breadcrumb":{"@id":"https:\/\/asetaga.com\/politica-de-privacidad\/#breadcrumb"},"inLanguage":"en-US","potentialAction":[{"@type":"ReadAction","target":["https:\/\/asetaga.com\/politica-de-privacidad\/"]}]},{"@type":"BreadcrumbList","@id":"https:\/\/asetaga.com\/politica-de-privacidad\/#breadcrumb","itemListElement":[{"@type":"ListItem","position":1,"name":"Inicio","item":"https:\/\/asetaga.com\/"},{"@type":"ListItem","position":2,"name":"Pol\u00edtica de privacidad"}]},{"@type":"WebSite","@id":"https:\/\/asetaga.com\/#website","url":"https:\/\/asetaga.com\/","name":"Asetaga","description":"Asociaci\u00f3n Espa\u00f1ola para la Transferencia T\u00e9cnica, Tecnol\u00f3gica y Organizativa en la Agricultura y la Ganader\u00eda","publisher":{"@id":"https:\/\/asetaga.com\/#organization"},"alternateName":"Asetaga","potentialAction":[{"@type":"SearchAction","target":{"@type":"EntryPoint","urlTemplate":"https:\/\/asetaga.com\/?s={search_term_string}"},"query-input":{"@type":"PropertyValueSpecification","valueRequired":true,"valueName":"search_term_string"}}],"inLanguage":"en-US"},{"@type":"Organization","@id":"https:\/\/asetaga.com\/#organization","name":"Asetaga","alternateName":"Asetaga","url":"https:\/\/asetaga.com\/","logo":{"@type":"ImageObject","inLanguage":"en-US","@id":"https:\/\/asetaga.com\/#\/schema\/logo\/image\/","url":"https:\/\/asetaga.com\/wp-content\/uploads\/2024\/10\/Asetaga-logo.png","contentUrl":"https:\/\/asetaga.com\/wp-content\/uploads\/2024\/10\/Asetaga-logo.png","width":500,"height":104,"caption":"Asetaga"},"image":{"@id":"https:\/\/asetaga.com\/#\/schema\/logo\/image\/"},"sameAs":["https:\/\/www.facebook.com\/profile.php?id=61567276178846","https:\/\/www.instagram.com\/asetaga_oficial\/"]}]}},"_links":{"self":[{"href":"https:\/\/asetaga.com\/en\/wp-json\/wp\/v2\/pages\/3","targetHints":{"allow":["GET"]}}],"collection":[{"href":"https:\/\/asetaga.com\/en\/wp-json\/wp\/v2\/pages"}],"about":[{"href":"https:\/\/asetaga.com\/en\/wp-json\/wp\/v2\/types\/page"}],"author":[{"embeddable":true,"href":"https:\/\/asetaga.com\/en\/wp-json\/wp\/v2\/users\/1"}],"replies":[{"embeddable":true,"href":"https:\/\/asetaga.com\/en\/wp-json\/wp\/v2\/comments?post=3"}],"version-history":[{"count":10,"href":"https:\/\/asetaga.com\/en\/wp-json\/wp\/v2\/pages\/3\/revisions"}],"predecessor-version":[{"id":1960,"href":"https:\/\/asetaga.com\/en\/wp-json\/wp\/v2\/pages\/3\/revisions\/1960"}],"wp:attachment":[{"href":"https:\/\/asetaga.com\/en\/wp-json\/wp\/v2\/media?parent=3"}],"curies":[{"name":"wp","href":"https:\/\/api.w.org\/{rel}","templated":true}]}}